{"id":10316,"date":"2024-08-02T22:49:56","date_gmt":"2024-08-03T01:49:56","guid":{"rendered":"https:\/\/www.coalco.cl\/web\/?page_id=10316"},"modified":"2025-05-06T13:45:55","modified_gmt":"2025-05-06T16:45:55","slug":"admision","status":"publish","type":"page","link":"https:\/\/www.coalco.cl\/web\/admision\/","title":{"rendered":"Admisi\u00f3n 2025"},"content":{"rendered":"<style type=\"text\/css\"> \n#cmsmasters_row_69f9ddd5514103_80922911 .cmsmasters_row_outer_parent { \n\tpadding-top: 100px; \n} \n\n#cmsmasters_row_69f9ddd5514103_80922911 .cmsmasters_row_outer_parent { \n\tpadding-bottom: 100px; \n} \n\n \n#cmsmasters_heading_69f9ddd5515b5 { \n\ttext-align:left; \n\tmargin-top:30px; \n\tmargin-bottom:10px; \n} \n\n#cmsmasters_heading_69f9ddd5515b5 .cmsmasters_heading { \n\ttext-align:left; \n} \n\n#cmsmasters_heading_69f9ddd5515b5 .cmsmasters_heading, #cmsmasters_heading_69f9ddd5515b5 .cmsmasters_heading a { \n\tfont-size:60px; \n\tfont-weight:bolder; \n\tfont-style:normal; \n} \n\n#cmsmasters_heading_69f9ddd5515b5 .cmsmasters_heading_divider { \n} \n\n@media (max-width: 767px) {\n\n#cmsmasters_heading_69f9ddd5515b5 .cmsmasters_heading, #cmsmasters_heading_69f9ddd5515b5 .cmsmasters_heading a { \n\tfont-size:45px; \n} \n\n} \n\n<\/style>\t\t<div data-elementor-type=\"wp-page\" data-elementor-id=\"10316\" class=\"elementor elementor-10316\">\n\t\t\t\t\t\t<section class=\"elementor-section elementor-top-section elementor-element elementor-element-294619ba elementor-section-boxed elementor-section-height-default elementor-section-height-default\" data-id=\"294619ba\" data-element_type=\"section\" data-e-type=\"section\">\n\t\t\t\t\t\t<div class=\"elementor-container elementor-column-gap-default\">\n\t\t\t\t\t<div class=\"elementor-column elementor-col-100 elementor-top-column elementor-element elementor-element-35550ef1\" data-id=\"35550ef1\" data-element_type=\"column\" data-e-type=\"column\">\n\t\t\t<div class=\"elementor-widget-wrap elementor-element-populated\">\n\t\t\t\t\t\t<div class=\"elementor-element elementor-element-379c610d elementor-widget elementor-widget-shortcode\" data-id=\"379c610d\" data-element_type=\"widget\" data-e-type=\"widget\" data-widget_type=\"shortcode.default\">\n\t\t\t\t<div class=\"elementor-widget-container\">\n\t\t\t\t\t\t\t<div class=\"elementor-shortcode\"><div id=\"cmsmasters_row_69f9ddd5514103_80922911\" class=\"cmsmasters_row cmsmasters_color_scheme_default cmsmasters_row_top_default cmsmasters_row_bot_default cmsmasters_row_boxed\">\n<div class=\"cmsmasters_row_outer_parent\">\n<div class=\"cmsmasters_row_outer\">\n<div class=\"cmsmasters_row_inner\">\n<div class=\"cmsmasters_row_margin\">\n<div class=\"cmsmasters_column one_first\">\n\n<div id=\"cmsmasters_heading_69f9ddd5515b5\" class=\"cmsmasters_heading_wrap cmsmasters_heading_align_left\">\n\t<h1 class=\"cmsmasters_heading\">Admisi\u00f3n<\/h1>\n<\/div>\n<\/div>\n<\/div>\n<\/div>\n<\/div>\n<\/div>\n<\/div>\n<\/div>\n\t\t\t\t\t\t<\/div>\n\t\t\t\t<\/div>\n\t\t\t\t\t<\/div>\n\t\t<\/div>\n\t\t\t\t\t<\/div>\n\t\t<\/section>\n\t\t\t\t<section class=\"elementor-section elementor-top-section elementor-element elementor-element-15e9aa9 elementor-section-boxed elementor-section-height-default elementor-section-height-default\" data-id=\"15e9aa9\" data-element_type=\"section\" data-e-type=\"section\">\n\t\t\t\t\t\t<div class=\"elementor-container elementor-column-gap-default\">\n\t\t\t\t\t<div class=\"elementor-column elementor-col-100 elementor-top-column elementor-element elementor-element-2841a9d\" data-id=\"2841a9d\" data-element_type=\"column\" data-e-type=\"column\">\n\t\t\t<div class=\"elementor-widget-wrap elementor-element-populated\">\n\t\t\t\t\t\t<div class=\"elementor-element elementor-element-fb87247 elementor-widget elementor-widget-image\" data-id=\"fb87247\" data-element_type=\"widget\" data-e-type=\"widget\" data-widget_type=\"image.default\">\n\t\t\t\t<div class=\"elementor-widget-container\">\n\t\t\t\t\t\t\t\t\t\t\t\t\t\t\t<img fetchpriority=\"high\" decoding=\"async\" width=\"1024\" height=\"287\" src=\"https:\/\/www.coalco.cl\/web\/wp-content\/uploads\/2025\/05\/ANOTATE-1024x287.png\" class=\"attachment-large size-large wp-image-10856\" alt=\"\" srcset=\"https:\/\/www.coalco.cl\/web\/wp-content\/uploads\/2025\/05\/ANOTATE-1024x287.png 1024w, https:\/\/www.coalco.cl\/web\/wp-content\/uploads\/2025\/05\/ANOTATE-300x84.png 300w, https:\/\/www.coalco.cl\/web\/wp-content\/uploads\/2025\/05\/ANOTATE-768x215.png 768w, https:\/\/www.coalco.cl\/web\/wp-content\/uploads\/2025\/05\/ANOTATE-580x162.png 580w, https:\/\/www.coalco.cl\/web\/wp-content\/uploads\/2025\/05\/ANOTATE-860x241.png 860w, https:\/\/www.coalco.cl\/web\/wp-content\/uploads\/2025\/05\/ANOTATE-1160x325.png 1160w, https:\/\/www.coalco.cl\/web\/wp-content\/uploads\/2025\/05\/ANOTATE.png 1351w\" sizes=\"(max-width: 1024px) 100vw, 1024px\" \/>\t\t\t\t\t\t\t\t\t\t\t\t\t\t\t<\/div>\n\t\t\t\t<\/div>\n\t\t\t\t\t<\/div>\n\t\t<\/div>\n\t\t\t\t\t<\/div>\n\t\t<\/section>\n\t\t\t\t<section class=\"elementor-section elementor-top-section elementor-element elementor-element-e555124 elementor-section-boxed elementor-section-height-default elementor-section-height-default\" data-id=\"e555124\" data-element_type=\"section\" data-e-type=\"section\">\n\t\t\t\t\t\t<div class=\"elementor-container elementor-column-gap-default\">\n\t\t\t\t\t<div class=\"elementor-column elementor-col-50 elementor-top-column elementor-element elementor-element-d30c785\" data-id=\"d30c785\" data-element_type=\"column\" data-e-type=\"column\">\n\t\t\t<div class=\"elementor-widget-wrap elementor-element-populated\">\n\t\t\t\t\t\t<div class=\"elementor-element elementor-element-21dbe1e elementor-widget elementor-widget-video\" data-id=\"21dbe1e\" data-element_type=\"widget\" data-e-type=\"widget\" data-settings=\"{&quot;video_type&quot;:&quot;hosted&quot;,&quot;autoplay&quot;:&quot;yes&quot;,&quot;loop&quot;:&quot;yes&quot;,&quot;controls&quot;:&quot;yes&quot;}\" data-widget_type=\"video.default\">\n\t\t\t\t<div class=\"elementor-widget-container\">\n\t\t\t\t\t\t\t<div class=\"e-hosted-video elementor-wrapper elementor-open-inline\">\n\t\t\t\t\t<video class=\"elementor-video\" src=\"https:\/\/www.coalco.cl\/web\/wp-content\/uploads\/2025\/05\/VIDEO.mp4\" autoplay=\"\" loop=\"\" controls=\"\" controlsList=\"nodownload\"><\/video>\n\t\t\t\t<\/div>\n\t\t\t\t\t\t<\/div>\n\t\t\t\t<\/div>\n\t\t\t\t\t<\/div>\n\t\t<\/div>\n\t\t\t\t<div class=\"elementor-column elementor-col-50 elementor-top-column elementor-element elementor-element-d4aca19\" data-id=\"d4aca19\" data-element_type=\"column\" data-e-type=\"column\">\n\t\t\t<div class=\"elementor-widget-wrap elementor-element-populated\">\n\t\t\t\t\t\t<div class=\"elementor-element elementor-element-f31bf92 elementor-widget elementor-widget-text-editor\" data-id=\"f31bf92\" data-element_type=\"widget\" data-e-type=\"widget\" data-widget_type=\"text-editor.default\">\n\t\t\t\t<div class=\"elementor-widget-container\">\n\t\t\t\t\t\t\t\t\t<p><strong>Si desea postular a un establecimiento para incorporarse en el a\u00f1o 2025, debe participar del Sistema de Admisi\u00f3n Escolar, en cambio, si desea cambiarse o incorporarse a un nuevo colegio durante este a\u00f1o, deber\u00e1 solicitar una vacante a trav\u00e9s de An\u00f3tate en la Lista.\u00a0<\/strong><\/p>\t\t\t\t\t\t\t\t<\/div>\n\t\t\t\t<\/div>\n\t\t\t\t<div class=\"elementor-element elementor-element-d000926 elementor-align-center elementor-widget elementor-widget-button\" data-id=\"d000926\" data-element_type=\"widget\" data-e-type=\"widget\" data-widget_type=\"button.default\">\n\t\t\t\t<div class=\"elementor-widget-container\">\n\t\t\t\t\t\t\t\t\t<div class=\"elementor-button-wrapper\">\n\t\t\t\t\t<a class=\"elementor-button elementor-button-link elementor-size-xl\" href=\"https:\/\/www.sistemadeadmisionescolar.cl\/\">\n\t\t\t\t\t\t<span class=\"elementor-button-content-wrapper\">\n\t\t\t\t\t\t\t\t\t<span class=\"elementor-button-text\">Haz clic aqu\u00ed<\/span>\n\t\t\t\t\t<\/span>\n\t\t\t\t\t<\/a>\n\t\t\t\t<\/div>\n\t\t\t\t\t\t\t\t<\/div>\n\t\t\t\t<\/div>\n\t\t\t\t\t<\/div>\n\t\t<\/div>\n\t\t\t\t\t<\/div>\n\t\t<\/section>\n\t\t\t\t<section class=\"elementor-section elementor-top-section elementor-element elementor-element-cdb5847 elementor-section-boxed elementor-section-height-default elementor-section-height-default\" data-id=\"cdb5847\" data-element_type=\"section\" data-e-type=\"section\">\n\t\t\t\t\t\t<div class=\"elementor-container elementor-column-gap-default\">\n\t\t\t\t\t<div class=\"elementor-column elementor-col-100 elementor-top-column elementor-element elementor-element-dd4cb4a\" data-id=\"dd4cb4a\" data-element_type=\"column\" data-e-type=\"column\">\n\t\t\t<div class=\"elementor-widget-wrap elementor-element-populated\">\n\t\t\t\t\t\t<div class=\"elementor-element elementor-element-bd286b3 elementor-widget elementor-widget-image\" data-id=\"bd286b3\" data-element_type=\"widget\" data-e-type=\"widget\" data-widget_type=\"image.default\">\n\t\t\t\t<div class=\"elementor-widget-container\">\n\t\t\t\t\t\t\t\t\t\t\t\t\t\t\t\t<a href=\"https:\/\/vacantes.mineduc.cl\/\" target=\"_blank\">\n\t\t\t\t\t\t\t<img decoding=\"async\" width=\"800\" height=\"480\" src=\"https:\/\/www.coalco.cl\/web\/wp-content\/uploads\/2025\/05\/anotate-2025.png\" class=\"attachment-large size-large wp-image-10860\" alt=\"\" srcset=\"https:\/\/www.coalco.cl\/web\/wp-content\/uploads\/2025\/05\/anotate-2025.png 800w, https:\/\/www.coalco.cl\/web\/wp-content\/uploads\/2025\/05\/anotate-2025-300x180.png 300w, https:\/\/www.coalco.cl\/web\/wp-content\/uploads\/2025\/05\/anotate-2025-768x461.png 768w, https:\/\/www.coalco.cl\/web\/wp-content\/uploads\/2025\/05\/anotate-2025-580x348.png 580w\" sizes=\"(max-width: 800px) 100vw, 800px\" \/>\t\t\t\t\t\t\t\t<\/a>\n\t\t\t\t\t\t\t\t\t\t\t\t\t\t\t<\/div>\n\t\t\t\t<\/div>\n\t\t\t\t\t<\/div>\n\t\t<\/div>\n\t\t\t\t\t<\/div>\n\t\t<\/section>\n\t\t\t\t<\/div>\n\t\t","protected":false},"excerpt":{"rendered":"<p>https:\/\/www.coalco.cl\/web\/wp-content\/uploads\/2025\/05\/VIDEO.mp4 Si desea postular a un establecimiento para incorporarse en el a\u00f1o 2025, debe participar del Sistema de Admisi\u00f3n Escolar, en cambio, si desea cambiarse o incorporarse a un nuevo&#8230;<\/p>\n","protected":false},"author":1,"featured_media":10703,"parent":0,"menu_order":0,"comment_status":"closed","ping_status":"closed","template":"","meta":{"footnotes":""},"class_list":["post-10316","page","type-page","status-publish","has-post-thumbnail","hentry"],"yoast_head":"<!-- This site is optimized with the Yoast SEO plugin v27.5 - https:\/\/yoast.com\/product\/yoast-seo-wordpress\/ -->\n<title>Admisi\u00f3n 2025 - Colegio Alerce<\/title>\n<meta name=\"description\" content=\"Si desea postular a un establecimiento para incorporarse en el a\u00f1o 2025, debe participar del Sistema de Admisi\u00f3n Escolar, en cambio, si desea cambiarse o incorporarse a un nuevo colegio durante este a\u00f1o 2024, deber\u00e1 solicitar una vacante a trav\u00e9s de An\u00f3tate en la Lista. El proceso correspondiente al a\u00f1o 2024 finaliza el d\u00eda 4 de diciembre a las 9:00 horas\" \/>\n<meta name=\"robots\" content=\"index, follow, max-snippet:-1, max-image-preview:large, max-video-preview:-1\" \/>\n<link rel=\"canonical\" href=\"https:\/\/www.coalco.cl\/web\/admision\/\" \/>\n<meta property=\"og:locale\" content=\"es_ES\" \/>\n<meta property=\"og:type\" content=\"article\" \/>\n<meta property=\"og:title\" content=\"Admisi\u00f3n 2025 - Colegio Alerce\" \/>\n<meta property=\"og:description\" content=\"Si desea postular a un establecimiento para incorporarse en el a\u00f1o 2025, debe participar del Sistema de Admisi\u00f3n Escolar, en cambio, si desea cambiarse o incorporarse a un nuevo colegio durante este a\u00f1o 2024, deber\u00e1 solicitar una vacante a trav\u00e9s de An\u00f3tate en la Lista. El proceso correspondiente al a\u00f1o 2024 finaliza el d\u00eda 4 de diciembre a las 9:00 horas\" \/>\n<meta property=\"og:url\" content=\"https:\/\/www.coalco.cl\/web\/admision\/\" \/>\n<meta property=\"og:site_name\" content=\"Colegio Alerce\" \/>\n<meta property=\"article:modified_time\" content=\"2025-05-06T16:45:55+00:00\" \/>\n<meta property=\"og:image\" content=\"https:\/\/www.coalco.cl\/web\/wp-content\/uploads\/2024\/08\/Admision-2025.png\" \/>\n\t<meta property=\"og:image:width\" content=\"800\" \/>\n\t<meta property=\"og:image:height\" content=\"480\" \/>\n\t<meta property=\"og:image:type\" content=\"image\/png\" \/>\n<meta name=\"twitter:card\" content=\"summary_large_image\" \/>\n<meta name=\"twitter:label1\" content=\"Tiempo estimado de lectura\" \/>\n\t<meta name=\"twitter:data1\" content=\"1 minuto\" \/>\n<script type=\"application\/ld+json\" class=\"yoast-schema-graph\">{\"@context\":\"https:\\\/\\\/schema.org\",\"@graph\":[{\"@type\":\"WebPage\",\"@id\":\"https:\\\/\\\/www.coalco.cl\\\/web\\\/admision\\\/\",\"url\":\"https:\\\/\\\/www.coalco.cl\\\/web\\\/admision\\\/\",\"name\":\"Admisi\u00f3n 2025 - Colegio Alerce\",\"isPartOf\":{\"@id\":\"https:\\\/\\\/www.coalco.cl\\\/web\\\/#website\"},\"primaryImageOfPage\":{\"@id\":\"https:\\\/\\\/www.coalco.cl\\\/web\\\/admision\\\/#primaryimage\"},\"image\":{\"@id\":\"https:\\\/\\\/www.coalco.cl\\\/web\\\/admision\\\/#primaryimage\"},\"thumbnailUrl\":\"https:\\\/\\\/www.coalco.cl\\\/web\\\/wp-content\\\/uploads\\\/2024\\\/08\\\/Admision-2025.png\",\"datePublished\":\"2024-08-03T01:49:56+00:00\",\"dateModified\":\"2025-05-06T16:45:55+00:00\",\"description\":\"Si desea postular a un establecimiento para incorporarse en el a\u00f1o 2025, debe participar del Sistema de Admisi\u00f3n Escolar, en cambio, si desea cambiarse o incorporarse a un nuevo colegio durante este a\u00f1o 2024, deber\u00e1 solicitar una vacante a trav\u00e9s de An\u00f3tate en la Lista. El proceso correspondiente al a\u00f1o 2024 finaliza el d\u00eda 4 de diciembre a las 9:00 horas\",\"breadcrumb\":{\"@id\":\"https:\\\/\\\/www.coalco.cl\\\/web\\\/admision\\\/#breadcrumb\"},\"inLanguage\":\"es-CL\",\"potentialAction\":[{\"@type\":\"ReadAction\",\"target\":[\"https:\\\/\\\/www.coalco.cl\\\/web\\\/admision\\\/\"]}]},{\"@type\":\"ImageObject\",\"inLanguage\":\"es-CL\",\"@id\":\"https:\\\/\\\/www.coalco.cl\\\/web\\\/admision\\\/#primaryimage\",\"url\":\"https:\\\/\\\/www.coalco.cl\\\/web\\\/wp-content\\\/uploads\\\/2024\\\/08\\\/Admision-2025.png\",\"contentUrl\":\"https:\\\/\\\/www.coalco.cl\\\/web\\\/wp-content\\\/uploads\\\/2024\\\/08\\\/Admision-2025.png\",\"width\":800,\"height\":480},{\"@type\":\"BreadcrumbList\",\"@id\":\"https:\\\/\\\/www.coalco.cl\\\/web\\\/admision\\\/#breadcrumb\",\"itemListElement\":[{\"@type\":\"ListItem\",\"position\":1,\"name\":\"Home\",\"item\":\"https:\\\/\\\/www.coalco.cl\\\/web\\\/\"},{\"@type\":\"ListItem\",\"position\":2,\"name\":\"Admisi\u00f3n 2025\"}]},{\"@type\":\"WebSite\",\"@id\":\"https:\\\/\\\/www.coalco.cl\\\/web\\\/#website\",\"url\":\"https:\\\/\\\/www.coalco.cl\\\/web\\\/\",\"name\":\"Colegio Alerce\",\"description\":\"\",\"publisher\":{\"@id\":\"https:\\\/\\\/www.coalco.cl\\\/web\\\/#organization\"},\"inLanguage\":\"es-CL\"},{\"@type\":\"Organization\",\"@id\":\"https:\\\/\\\/www.coalco.cl\\\/web\\\/#organization\",\"name\":\"Colegio Alerce\",\"url\":\"https:\\\/\\\/www.coalco.cl\\\/web\\\/\",\"logo\":{\"@type\":\"ImageObject\",\"inLanguage\":\"es-CL\",\"@id\":\"https:\\\/\\\/www.coalco.cl\\\/web\\\/#\\\/schema\\\/logo\\\/image\\\/\",\"url\":\"https:\\\/\\\/www.coalco.cl\\\/web\\\/wp-content\\\/uploads\\\/2025\\\/12\\\/cropped-cropped-cropped-RETINA.png\",\"contentUrl\":\"https:\\\/\\\/www.coalco.cl\\\/web\\\/wp-content\\\/uploads\\\/2025\\\/12\\\/cropped-cropped-cropped-RETINA.png\",\"width\":512,\"height\":512,\"caption\":\"Colegio Alerce\"},\"image\":{\"@id\":\"https:\\\/\\\/www.coalco.cl\\\/web\\\/#\\\/schema\\\/logo\\\/image\\\/\"}}]}<\/script>\n<!-- \/ Yoast SEO plugin. -->","yoast_head_json":{"title":"Admisi\u00f3n 2025 - Colegio Alerce","description":"Si desea postular a un establecimiento para incorporarse en el a\u00f1o 2025, debe participar del Sistema de Admisi\u00f3n Escolar, en cambio, si desea cambiarse o incorporarse a un nuevo colegio durante este a\u00f1o 2024, deber\u00e1 solicitar una vacante a trav\u00e9s de An\u00f3tate en la Lista. El proceso correspondiente al a\u00f1o 2024 finaliza el d\u00eda 4 de diciembre a las 9:00 horas","robots":{"index":"index","follow":"follow","max-snippet":"max-snippet:-1","max-image-preview":"max-image-preview:large","max-video-preview":"max-video-preview:-1"},"canonical":"https:\/\/www.coalco.cl\/web\/admision\/","og_locale":"es_ES","og_type":"article","og_title":"Admisi\u00f3n 2025 - Colegio Alerce","og_description":"Si desea postular a un establecimiento para incorporarse en el a\u00f1o 2025, debe participar del Sistema de Admisi\u00f3n Escolar, en cambio, si desea cambiarse o incorporarse a un nuevo colegio durante este a\u00f1o 2024, deber\u00e1 solicitar una vacante a trav\u00e9s de An\u00f3tate en la Lista. El proceso correspondiente al a\u00f1o 2024 finaliza el d\u00eda 4 de diciembre a las 9:00 horas","og_url":"https:\/\/www.coalco.cl\/web\/admision\/","og_site_name":"Colegio Alerce","article_modified_time":"2025-05-06T16:45:55+00:00","og_image":[{"width":800,"height":480,"url":"https:\/\/www.coalco.cl\/web\/wp-content\/uploads\/2024\/08\/Admision-2025.png","type":"image\/png"}],"twitter_card":"summary_large_image","twitter_misc":{"Tiempo estimado de lectura":"1 minuto"},"schema":{"@context":"https:\/\/schema.org","@graph":[{"@type":"WebPage","@id":"https:\/\/www.coalco.cl\/web\/admision\/","url":"https:\/\/www.coalco.cl\/web\/admision\/","name":"Admisi\u00f3n 2025 - Colegio Alerce","isPartOf":{"@id":"https:\/\/www.coalco.cl\/web\/#website"},"primaryImageOfPage":{"@id":"https:\/\/www.coalco.cl\/web\/admision\/#primaryimage"},"image":{"@id":"https:\/\/www.coalco.cl\/web\/admision\/#primaryimage"},"thumbnailUrl":"https:\/\/www.coalco.cl\/web\/wp-content\/uploads\/2024\/08\/Admision-2025.png","datePublished":"2024-08-03T01:49:56+00:00","dateModified":"2025-05-06T16:45:55+00:00","description":"Si desea postular a un establecimiento para incorporarse en el a\u00f1o 2025, debe participar del Sistema de Admisi\u00f3n Escolar, en cambio, si desea cambiarse o incorporarse a un nuevo colegio durante este a\u00f1o 2024, deber\u00e1 solicitar una vacante a trav\u00e9s de An\u00f3tate en la Lista. El proceso correspondiente al a\u00f1o 2024 finaliza el d\u00eda 4 de diciembre a las 9:00 horas","breadcrumb":{"@id":"https:\/\/www.coalco.cl\/web\/admision\/#breadcrumb"},"inLanguage":"es-CL","potentialAction":[{"@type":"ReadAction","target":["https:\/\/www.coalco.cl\/web\/admision\/"]}]},{"@type":"ImageObject","inLanguage":"es-CL","@id":"https:\/\/www.coalco.cl\/web\/admision\/#primaryimage","url":"https:\/\/www.coalco.cl\/web\/wp-content\/uploads\/2024\/08\/Admision-2025.png","contentUrl":"https:\/\/www.coalco.cl\/web\/wp-content\/uploads\/2024\/08\/Admision-2025.png","width":800,"height":480},{"@type":"BreadcrumbList","@id":"https:\/\/www.coalco.cl\/web\/admision\/#breadcrumb","itemListElement":[{"@type":"ListItem","position":1,"name":"Home","item":"https:\/\/www.coalco.cl\/web\/"},{"@type":"ListItem","position":2,"name":"Admisi\u00f3n 2025"}]},{"@type":"WebSite","@id":"https:\/\/www.coalco.cl\/web\/#website","url":"https:\/\/www.coalco.cl\/web\/","name":"Colegio Alerce","description":"","publisher":{"@id":"https:\/\/www.coalco.cl\/web\/#organization"},"inLanguage":"es-CL"},{"@type":"Organization","@id":"https:\/\/www.coalco.cl\/web\/#organization","name":"Colegio Alerce","url":"https:\/\/www.coalco.cl\/web\/","logo":{"@type":"ImageObject","inLanguage":"es-CL","@id":"https:\/\/www.coalco.cl\/web\/#\/schema\/logo\/image\/","url":"https:\/\/www.coalco.cl\/web\/wp-content\/uploads\/2025\/12\/cropped-cropped-cropped-RETINA.png","contentUrl":"https:\/\/www.coalco.cl\/web\/wp-content\/uploads\/2025\/12\/cropped-cropped-cropped-RETINA.png","width":512,"height":512,"caption":"Colegio Alerce"},"image":{"@id":"https:\/\/www.coalco.cl\/web\/#\/schema\/logo\/image\/"}}]}},"_links":{"self":[{"href":"https:\/\/www.coalco.cl\/web\/wp-json\/wp\/v2\/pages\/10316","targetHints":{"allow":["GET"]}}],"collection":[{"href":"https:\/\/www.coalco.cl\/web\/wp-json\/wp\/v2\/pages"}],"about":[{"href":"https:\/\/www.coalco.cl\/web\/wp-json\/wp\/v2\/types\/page"}],"author":[{"embeddable":true,"href":"https:\/\/www.coalco.cl\/web\/wp-json\/wp\/v2\/users\/1"}],"replies":[{"embeddable":true,"href":"https:\/\/www.coalco.cl\/web\/wp-json\/wp\/v2\/comments?post=10316"}],"version-history":[{"count":14,"href":"https:\/\/www.coalco.cl\/web\/wp-json\/wp\/v2\/pages\/10316\/revisions"}],"predecessor-version":[{"id":10868,"href":"https:\/\/www.coalco.cl\/web\/wp-json\/wp\/v2\/pages\/10316\/revisions\/10868"}],"wp:featuredmedia":[{"embeddable":true,"href":"https:\/\/www.coalco.cl\/web\/wp-json\/wp\/v2\/media\/10703"}],"wp:attachment":[{"href":"https:\/\/www.coalco.cl\/web\/wp-json\/wp\/v2\/media?parent=10316"}],"curies":[{"name":"wp","href":"https:\/\/api.w.org\/{rel}","templated":true}]}}