{"id":10844,"date":"2025-05-06T12:22:50","date_gmt":"2025-05-06T15:22:50","guid":{"rendered":"https:\/\/www.coalco.cl\/web\/?page_id=10844"},"modified":"2025-05-09T09:42:42","modified_gmt":"2025-05-09T12:42:42","slug":"computacion","status":"publish","type":"page","link":"https:\/\/www.coalco.cl\/web\/computacion\/","title":{"rendered":"COMPUTACI\u00d3N"},"content":{"rendered":"<style type=\"text\/css\"><\/style>\t\t<div data-elementor-type=\"wp-page\" data-elementor-id=\"10844\" class=\"elementor elementor-10844\">\n\t\t\t\t\t\t<section class=\"elementor-section elementor-top-section elementor-element elementor-element-6473194 elementor-section-boxed elementor-section-height-default elementor-section-height-default\" data-id=\"6473194\" data-element_type=\"section\" data-e-type=\"section\">\n\t\t\t\t\t\t<div class=\"elementor-container elementor-column-gap-default\">\n\t\t\t\t\t<div class=\"elementor-column elementor-col-50 elementor-top-column elementor-element elementor-element-486f4e9\" data-id=\"486f4e9\" data-element_type=\"column\" data-e-type=\"column\">\n\t\t\t<div class=\"elementor-widget-wrap elementor-element-populated\">\n\t\t\t\t\t\t<div class=\"elementor-element elementor-element-fc7058b elementor-widget elementor-widget-video\" data-id=\"fc7058b\" data-element_type=\"widget\" data-e-type=\"widget\" data-settings=\"{&quot;youtube_url&quot;:&quot;https:\\\/\\\/youtu.be\\\/UU_9nk7qYJM&quot;,&quot;autoplay&quot;:&quot;yes&quot;,&quot;loop&quot;:&quot;yes&quot;,&quot;video_type&quot;:&quot;youtube&quot;,&quot;controls&quot;:&quot;yes&quot;}\" data-widget_type=\"video.default\">\n\t\t\t\t<div class=\"elementor-widget-container\">\n\t\t\t\t\t\t\t<div class=\"elementor-wrapper elementor-open-inline\">\n\t\t\t<div class=\"elementor-video\"><\/div>\t\t<\/div>\n\t\t\t\t\t\t<\/div>\n\t\t\t\t<\/div>\n\t\t\t\t\t<\/div>\n\t\t<\/div>\n\t\t\t\t<div class=\"elementor-column elementor-col-50 elementor-top-column elementor-element elementor-element-83524dd\" data-id=\"83524dd\" data-element_type=\"column\" data-e-type=\"column\">\n\t\t\t<div class=\"elementor-widget-wrap elementor-element-populated\">\n\t\t\t\t\t\t<div class=\"elementor-element elementor-element-144569d elementor-widget elementor-widget-text-editor\" data-id=\"144569d\" data-element_type=\"widget\" data-e-type=\"widget\" data-widget_type=\"text-editor.default\">\n\t\t\t\t<div class=\"elementor-widget-container\">\n\t\t\t\t\t\t\t\t\t<div class=\"WaaZC\"><div class=\"RJPOee EIJn2\"><h1 class=\"rPeykc pyPiTc\" data-hveid=\"CAsQAQ\" data-ved=\"2ahUKEwjY8Mr5s5aNAxV-HbkGHX3VCpoQo_EKegQICxAB\"><span data-huuid=\"10859384662555673335\">Laboratorio:<\/span><\/h1><\/div><\/div><div class=\"WaaZC\"><div class=\"RJPOee EIJn2\"><div class=\"zMgcWd dSKvsb\" data-il=\"\"><div data-crb-p=\"\"><div class=\"xFTqob\"><div class=\"Gur8Ad\"><span data-huuid=\"10859384662555675620\"><strong>Computadores:<\/strong><\/span><\/div><div class=\"vM0jzc\"><span data-huuid=\"10859384662555673651\">Equipos inform\u00e1ticos actualizados y en buen estado de funcionamiento.<\/span><\/div><\/div><\/div><\/div><div class=\"zMgcWd dSKvsb\" data-il=\"\"><div data-crb-p=\"\"><div class=\"xFTqob\"><div class=\"Gur8Ad\"><span data-huuid=\"10859384662555673809\"><strong>Conexi\u00f3n a internet:<\/strong><\/span><\/div><div class=\"vM0jzc\"><span data-huuid=\"10859384662555675936\">Para acceder a recursos en l\u00ednea y realizar tareas que requieran conexi\u00f3n a la red.<\/span><\/div><\/div><\/div><\/div><div class=\"zMgcWd dSKvsb\" data-il=\"\"><div data-crb-p=\"\"><div class=\"xFTqob\"><div class=\"Gur8Ad\"><span data-huuid=\"10859384662555676094\"><strong>Software:<\/strong><\/span><\/div><div class=\"vM0jzc\"><span data-huuid=\"10859384662555674125\">Programas inform\u00e1ticos necesarios para las actividades a realizar, como software educativo, de productividad o de dise\u00f1o.<\/span><\/div><\/div><\/div><\/div><div class=\"zMgcWd dSKvsb\" data-il=\"\"><div data-crb-p=\"\"><div class=\"xFTqob\"><div class=\"Gur8Ad\"><span data-huuid=\"10859384662555674283\"><strong>Mobiliario ergon\u00f3mico:<\/strong><\/span><\/div><div class=\"vM0jzc\"><span data-huuid=\"10859384662555676410\">Mesas, sillas y otros elementos que permitan una postura c\u00f3moda y segura durante el uso de las computadoras.<span class=\"pjBG2e\" data-cid=\"1b130b5e-e70a-4dbd-9a0e-e9001bed313f\"><span class=\"UV3uM\">\u00a0<\/span><\/span><\/span><\/div><\/div><\/div><\/div><\/div><\/div><div class=\"WaaZC\"><div class=\"RJPOee EIJn2\"><h1 class=\"rPeykc pyPiTc\" data-hveid=\"CB8QAQ\" data-ved=\"2ahUKEwjY8Mr5s5aNAxV-HbkGHX3VCpoQo_EKegQIHxAB\"><span data-huuid=\"228133315541288185\">Beneficios de una sala de computaci\u00f3n:<\/span><\/h1><\/div><\/div><div class=\"WaaZC\"><div class=\"RJPOee EIJn2\"><div class=\"zMgcWd dSKvsb\" data-il=\"\"><div data-crb-p=\"\"><div class=\"xFTqob\"><div class=\"Gur8Ad\"><span data-huuid=\"228133315541290970\"><strong>Aprendizaje pr\u00e1ctico:<\/strong><\/span><\/div><div class=\"vM0jzc\"><span data-huuid=\"228133315541290533\">Permite a los usuarios familiarizarse con la tecnolog\u00eda y desarrollar habilidades inform\u00e1ticas.<span class=\"pjBG2e\" data-cid=\"e8dc78a8-9bd8-4961-878e-b7a9162442e5\"><span class=\"UV3uM\">\u00a0<\/span><\/span><\/span><div class=\"NPrrbc\" data-cid=\"e8dc78a8-9bd8-4961-878e-b7a9162442e5\" data-uuids=\"228133315541290970,228133315541290533\"><div class=\"BMebGe btku5b fCrZyc LwdV0e FR7ZSc OJeuxf\" tabindex=\"0\" role=\"button\" aria-label=\"Ver v\u00ednculos relacionados\" data-hveid=\"CCgQAQ\" data-ved=\"2ahUKEwjY8Mr5s5aNAxV-HbkGHX3VCpoQ3fYKegQIKBAB\">\u00a0<\/div><\/div><\/div><\/div><\/div><\/div><div class=\"zMgcWd dSKvsb\" data-il=\"\"><div data-crb-p=\"\"><div class=\"xFTqob\"><div class=\"Gur8Ad\"><span data-huuid=\"228133315541289659\"><strong>Acceso a la informaci\u00f3n:<\/strong><\/span><\/div><div class=\"vM0jzc\"><span data-huuid=\"228133315541289222\">Facilita la b\u00fasqueda y el acceso a una gran cantidad de informaci\u00f3n a trav\u00e9s de internet.<span class=\"pjBG2e\" data-cid=\"df2be86b-99e0-45a6-88a5-2c0aa9255378\"><span class=\"UV3uM\">\u00a0<\/span><\/span><\/span><div class=\"NPrrbc\" data-cid=\"df2be86b-99e0-45a6-88a5-2c0aa9255378\" data-uuids=\"228133315541289659,228133315541289222\"><div class=\"BMebGe btku5b fCrZyc LwdV0e FR7ZSc OJeuxf\" tabindex=\"0\" role=\"button\" aria-label=\"Ver v\u00ednculos relacionados\" data-hveid=\"CCsQAQ\" data-ved=\"2ahUKEwjY8Mr5s5aNAxV-HbkGHX3VCpoQ3fYKegQIKxAB\">\u00a0<\/div><\/div><\/div><\/div><\/div><\/div><div class=\"zMgcWd dSKvsb\" data-il=\"\"><div data-crb-p=\"\"><div class=\"xFTqob\"><div class=\"Gur8Ad\"><span data-huuid=\"228133315541288348\"><strong>Colaboraci\u00f3n:<\/strong><\/span><\/div><div class=\"vM0jzc\"><span data-huuid=\"228133315541287911\">Puede ser un espacio para realizar trabajos en grupo o proyectos conjuntos.<span class=\"pjBG2e\" data-cid=\"0020661e-d974-4cac-87ed-ca955cb934ca\"><span class=\"UV3uM\">\u00a0<\/span><\/span><\/span><\/div><\/div><\/div><\/div><\/div><\/div>\t\t\t\t\t\t\t\t<\/div>\n\t\t\t\t<\/div>\n\t\t\t\t\t<\/div>\n\t\t<\/div>\n\t\t\t\t\t<\/div>\n\t\t<\/section>\n\t\t\t\t<\/div>\n\t\t","protected":false},"excerpt":{"rendered":"<p>https:\/\/youtu.be\/UU_9nk7qYJM Laboratorio: Computadores:Equipos inform\u00e1ticos actualizados y en buen estado de funcionamiento.Conexi\u00f3n a internet:Para acceder a recursos en l\u00ednea y realizar tareas que requieran conexi\u00f3n a la red.Software:Programas inform\u00e1ticos necesarios para&#8230;<\/p>\n","protected":false},"author":5,"featured_media":0,"parent":0,"menu_order":0,"comment_status":"closed","ping_status":"closed","template":"","meta":{"footnotes":""},"class_list":["post-10844","page","type-page","status-publish","hentry"],"yoast_head":"<!-- This site is optimized with the Yoast SEO plugin v27.4 - https:\/\/yoast.com\/product\/yoast-seo-wordpress\/ -->\n<title>COMPUTACI\u00d3N - Colegio Alerce<\/title>\n<meta name=\"robots\" content=\"index, follow, max-snippet:-1, max-image-preview:large, max-video-preview:-1\" \/>\n<link rel=\"canonical\" href=\"https:\/\/www.coalco.cl\/web\/computacion\/\" \/>\n<meta property=\"og:locale\" content=\"es_ES\" \/>\n<meta property=\"og:type\" content=\"article\" \/>\n<meta property=\"og:title\" content=\"COMPUTACI\u00d3N - Colegio Alerce\" \/>\n<meta property=\"og:description\" content=\"https:\/\/youtu.be\/UU_9nk7qYJM Laboratorio: Computadores:Equipos inform\u00e1ticos actualizados y en buen estado de funcionamiento.Conexi\u00f3n a internet:Para acceder a recursos en l\u00ednea y realizar tareas que requieran conexi\u00f3n a la red.Software:Programas inform\u00e1ticos necesarios para...\" \/>\n<meta property=\"og:url\" content=\"https:\/\/www.coalco.cl\/web\/computacion\/\" \/>\n<meta property=\"og:site_name\" content=\"Colegio Alerce\" \/>\n<meta property=\"article:modified_time\" content=\"2025-05-09T12:42:42+00:00\" \/>\n<meta name=\"twitter:card\" content=\"summary_large_image\" \/>\n<meta name=\"twitter:label1\" content=\"Tiempo estimado de lectura\" \/>\n\t<meta name=\"twitter:data1\" content=\"1 minuto\" \/>\n<script type=\"application\/ld+json\" class=\"yoast-schema-graph\">{\"@context\":\"https:\\\/\\\/schema.org\",\"@graph\":[{\"@type\":\"WebPage\",\"@id\":\"https:\\\/\\\/www.coalco.cl\\\/web\\\/computacion\\\/\",\"url\":\"https:\\\/\\\/www.coalco.cl\\\/web\\\/computacion\\\/\",\"name\":\"COMPUTACI\u00d3N - Colegio Alerce\",\"isPartOf\":{\"@id\":\"https:\\\/\\\/www.coalco.cl\\\/web\\\/#website\"},\"datePublished\":\"2025-05-06T15:22:50+00:00\",\"dateModified\":\"2025-05-09T12:42:42+00:00\",\"breadcrumb\":{\"@id\":\"https:\\\/\\\/www.coalco.cl\\\/web\\\/computacion\\\/#breadcrumb\"},\"inLanguage\":\"es-CL\",\"potentialAction\":[{\"@type\":\"ReadAction\",\"target\":[\"https:\\\/\\\/www.coalco.cl\\\/web\\\/computacion\\\/\"]}]},{\"@type\":\"BreadcrumbList\",\"@id\":\"https:\\\/\\\/www.coalco.cl\\\/web\\\/computacion\\\/#breadcrumb\",\"itemListElement\":[{\"@type\":\"ListItem\",\"position\":1,\"name\":\"Home\",\"item\":\"https:\\\/\\\/www.coalco.cl\\\/web\\\/\"},{\"@type\":\"ListItem\",\"position\":2,\"name\":\"COMPUTACI\u00d3N\"}]},{\"@type\":\"WebSite\",\"@id\":\"https:\\\/\\\/www.coalco.cl\\\/web\\\/#website\",\"url\":\"https:\\\/\\\/www.coalco.cl\\\/web\\\/\",\"name\":\"Colegio Alerce\",\"description\":\"\",\"publisher\":{\"@id\":\"https:\\\/\\\/www.coalco.cl\\\/web\\\/#organization\"},\"inLanguage\":\"es-CL\"},{\"@type\":\"Organization\",\"@id\":\"https:\\\/\\\/www.coalco.cl\\\/web\\\/#organization\",\"name\":\"Colegio Alerce\",\"url\":\"https:\\\/\\\/www.coalco.cl\\\/web\\\/\",\"logo\":{\"@type\":\"ImageObject\",\"inLanguage\":\"es-CL\",\"@id\":\"https:\\\/\\\/www.coalco.cl\\\/web\\\/#\\\/schema\\\/logo\\\/image\\\/\",\"url\":\"https:\\\/\\\/www.coalco.cl\\\/web\\\/wp-content\\\/uploads\\\/2025\\\/12\\\/cropped-cropped-cropped-RETINA.png\",\"contentUrl\":\"https:\\\/\\\/www.coalco.cl\\\/web\\\/wp-content\\\/uploads\\\/2025\\\/12\\\/cropped-cropped-cropped-RETINA.png\",\"width\":512,\"height\":512,\"caption\":\"Colegio Alerce\"},\"image\":{\"@id\":\"https:\\\/\\\/www.coalco.cl\\\/web\\\/#\\\/schema\\\/logo\\\/image\\\/\"}}]}<\/script>\n<!-- \/ Yoast SEO plugin. -->","yoast_head_json":{"title":"COMPUTACI\u00d3N - Colegio Alerce","robots":{"index":"index","follow":"follow","max-snippet":"max-snippet:-1","max-image-preview":"max-image-preview:large","max-video-preview":"max-video-preview:-1"},"canonical":"https:\/\/www.coalco.cl\/web\/computacion\/","og_locale":"es_ES","og_type":"article","og_title":"COMPUTACI\u00d3N - Colegio Alerce","og_description":"https:\/\/youtu.be\/UU_9nk7qYJM Laboratorio: Computadores:Equipos inform\u00e1ticos actualizados y en buen estado de funcionamiento.Conexi\u00f3n a internet:Para acceder a recursos en l\u00ednea y realizar tareas que requieran conexi\u00f3n a la red.Software:Programas inform\u00e1ticos necesarios para...","og_url":"https:\/\/www.coalco.cl\/web\/computacion\/","og_site_name":"Colegio Alerce","article_modified_time":"2025-05-09T12:42:42+00:00","twitter_card":"summary_large_image","twitter_misc":{"Tiempo estimado de lectura":"1 minuto"},"schema":{"@context":"https:\/\/schema.org","@graph":[{"@type":"WebPage","@id":"https:\/\/www.coalco.cl\/web\/computacion\/","url":"https:\/\/www.coalco.cl\/web\/computacion\/","name":"COMPUTACI\u00d3N - Colegio Alerce","isPartOf":{"@id":"https:\/\/www.coalco.cl\/web\/#website"},"datePublished":"2025-05-06T15:22:50+00:00","dateModified":"2025-05-09T12:42:42+00:00","breadcrumb":{"@id":"https:\/\/www.coalco.cl\/web\/computacion\/#breadcrumb"},"inLanguage":"es-CL","potentialAction":[{"@type":"ReadAction","target":["https:\/\/www.coalco.cl\/web\/computacion\/"]}]},{"@type":"BreadcrumbList","@id":"https:\/\/www.coalco.cl\/web\/computacion\/#breadcrumb","itemListElement":[{"@type":"ListItem","position":1,"name":"Home","item":"https:\/\/www.coalco.cl\/web\/"},{"@type":"ListItem","position":2,"name":"COMPUTACI\u00d3N"}]},{"@type":"WebSite","@id":"https:\/\/www.coalco.cl\/web\/#website","url":"https:\/\/www.coalco.cl\/web\/","name":"Colegio Alerce","description":"","publisher":{"@id":"https:\/\/www.coalco.cl\/web\/#organization"},"inLanguage":"es-CL"},{"@type":"Organization","@id":"https:\/\/www.coalco.cl\/web\/#organization","name":"Colegio Alerce","url":"https:\/\/www.coalco.cl\/web\/","logo":{"@type":"ImageObject","inLanguage":"es-CL","@id":"https:\/\/www.coalco.cl\/web\/#\/schema\/logo\/image\/","url":"https:\/\/www.coalco.cl\/web\/wp-content\/uploads\/2025\/12\/cropped-cropped-cropped-RETINA.png","contentUrl":"https:\/\/www.coalco.cl\/web\/wp-content\/uploads\/2025\/12\/cropped-cropped-cropped-RETINA.png","width":512,"height":512,"caption":"Colegio Alerce"},"image":{"@id":"https:\/\/www.coalco.cl\/web\/#\/schema\/logo\/image\/"}}]}},"_links":{"self":[{"href":"https:\/\/www.coalco.cl\/web\/wp-json\/wp\/v2\/pages\/10844","targetHints":{"allow":["GET"]}}],"collection":[{"href":"https:\/\/www.coalco.cl\/web\/wp-json\/wp\/v2\/pages"}],"about":[{"href":"https:\/\/www.coalco.cl\/web\/wp-json\/wp\/v2\/types\/page"}],"author":[{"embeddable":true,"href":"https:\/\/www.coalco.cl\/web\/wp-json\/wp\/v2\/users\/5"}],"replies":[{"embeddable":true,"href":"https:\/\/www.coalco.cl\/web\/wp-json\/wp\/v2\/comments?post=10844"}],"version-history":[{"count":4,"href":"https:\/\/www.coalco.cl\/web\/wp-json\/wp\/v2\/pages\/10844\/revisions"}],"predecessor-version":[{"id":10887,"href":"https:\/\/www.coalco.cl\/web\/wp-json\/wp\/v2\/pages\/10844\/revisions\/10887"}],"wp:attachment":[{"href":"https:\/\/www.coalco.cl\/web\/wp-json\/wp\/v2\/media?parent=10844"}],"curies":[{"name":"wp","href":"https:\/\/api.w.org\/{rel}","templated":true}]}}