{"id":11169,"date":"2025-09-22T09:50:13","date_gmt":"2025-09-22T12:50:13","guid":{"rendered":"https:\/\/www.coalco.cl\/web\/?page_id=11169"},"modified":"2025-09-22T10:45:18","modified_gmt":"2025-09-22T13:45:18","slug":"lego-education","status":"publish","type":"page","link":"https:\/\/www.coalco.cl\/web\/lego-education\/","title":{"rendered":"LEGO EDUCATION"},"content":{"rendered":"<style type=\"text\/css\"><\/style>\t\t<div data-elementor-type=\"wp-page\" data-elementor-id=\"11169\" class=\"elementor elementor-11169\">\n\t\t\t\t\t\t<section class=\"elementor-section elementor-top-section elementor-element elementor-element-c773c2b elementor-section-boxed elementor-section-height-default elementor-section-height-default\" data-id=\"c773c2b\" data-element_type=\"section\" data-e-type=\"section\">\n\t\t\t\t\t\t<div class=\"elementor-container elementor-column-gap-default\">\n\t\t\t\t\t<div class=\"elementor-column elementor-col-50 elementor-top-column elementor-element elementor-element-c296cee\" data-id=\"c296cee\" data-element_type=\"column\" data-e-type=\"column\">\n\t\t\t<div class=\"elementor-widget-wrap elementor-element-populated\">\n\t\t\t\t\t\t<div class=\"elementor-element elementor-element-29761e3 elementor-widget elementor-widget-heading\" data-id=\"29761e3\" data-element_type=\"widget\" data-e-type=\"widget\" data-widget_type=\"heading.default\">\n\t\t\t\t<div class=\"elementor-widget-container\">\n\t\t\t\t\t<h2 class=\"elementor-heading-title elementor-size-default\">docente carlos aguilera<\/h2>\t\t\t\t<\/div>\n\t\t\t\t<\/div>\n\t\t\t\t<div class=\"elementor-element elementor-element-5ebbf2a elementor-widget elementor-widget-video\" data-id=\"5ebbf2a\" data-element_type=\"widget\" data-e-type=\"widget\" data-settings=\"{&quot;youtube_url&quot;:&quot;https:\\\/\\\/www.youtube.com\\\/watch?v=IQ12nRx_6vw&quot;,&quot;video_type&quot;:&quot;youtube&quot;,&quot;controls&quot;:&quot;yes&quot;}\" data-widget_type=\"video.default\">\n\t\t\t\t<div class=\"elementor-widget-container\">\n\t\t\t\t\t\t\t<div class=\"elementor-wrapper elementor-open-inline\">\n\t\t\t<div class=\"elementor-video\"><\/div>\t\t<\/div>\n\t\t\t\t\t\t<\/div>\n\t\t\t\t<\/div>\n\t\t\t\t\t<\/div>\n\t\t<\/div>\n\t\t\t\t<div class=\"elementor-column elementor-col-50 elementor-top-column elementor-element elementor-element-18d267e\" data-id=\"18d267e\" data-element_type=\"column\" data-e-type=\"column\">\n\t\t\t<div class=\"elementor-widget-wrap elementor-element-populated\">\n\t\t\t\t\t\t<div class=\"elementor-element elementor-element-3c90119 elementor-widget elementor-widget-text-editor\" data-id=\"3c90119\" data-element_type=\"widget\" data-e-type=\"widget\" data-widget_type=\"text-editor.default\">\n\t\t\t\t<div class=\"elementor-widget-container\">\n\t\t\t\t\t\t\t\t\t<div class=\"xdj266r x14z9mp xat24cr x1lziwak x1vvkbs\"><div dir=\"auto\">Con el prop\u00f3sito de garantizar una mejor educaci\u00f3n y formaci\u00f3n, el Colegio Alerce incorpora a su curr\u00edculum LEGO Educativo, con esto obtenemos una mejora del aprendizaje.<\/div><\/div><div class=\"x14z9mp xat24cr x1lziwak x1vvkbs xtlvy1s\"><div dir=\"auto\">Un estudio internacional reciente (2025), denominado SPACE, demostr\u00f3 que integrar\u00a0sesiones estructuradas con LEGO en las clases de ni\u00f1os de 6 a 7 a\u00f1os mejora significativamente competencias como la rotaci\u00f3n mental, la geometr\u00eda, la memoria visoespacial, la atenci\u00f3n sostenida y la planificaci\u00f3n secuencial. Los estudiantes que usaron LEGO mostraron un rendimiento superior en pruebas frente al enfoque tradicional.<\/div><\/div><div class=\"x14z9mp xat24cr x1lziwak x1vvkbs xtlvy1s\"><div dir=\"auto\">Este efecto se atribuye a la capacidad de los bloques LEGO para activar funciones cognitivas clave a trav\u00e9s de representaciones f\u00edsicas y manipulativas<\/div><\/div><div class=\"x14z9mp xat24cr x1lziwak x1vvkbs xtlvy1s\"><div dir=\"auto\">Promoci\u00f3n del aprendizaje pr\u00e1ctico, pensamiento cr\u00edtico y rob\u00f3tica<\/div><div dir=\"auto\">LEGO Education facilita una educaci\u00f3n pr\u00e1ctica, en la que los estudiantes construyen y programan robots (por ejemplo, con LEGO Mindstorms, WeDo, SPIKE Prime), potenciando la creatividad, el razonamiento l\u00f3gico, la resoluci\u00f3n de problemas y el pensamiento cr\u00edtico.<\/div><\/div>\t\t\t\t\t\t\t\t<\/div>\n\t\t\t\t<\/div>\n\t\t\t\t\t<\/div>\n\t\t<\/div>\n\t\t\t\t\t<\/div>\n\t\t<\/section>\n\t\t\t\t<\/div>\n\t\t","protected":false},"excerpt":{"rendered":"<p>docente carlos aguilera https:\/\/www.youtube.com\/watch?v=IQ12nRx_6vwCon el prop\u00f3sito de garantizar una mejor educaci\u00f3n y formaci\u00f3n, el Colegio Alerce incorpora a su curr\u00edculum LEGO Educativo, con esto obtenemos una mejora del aprendizaje.Un estudio&#8230;<\/p>\n","protected":false},"author":5,"featured_media":0,"parent":0,"menu_order":0,"comment_status":"closed","ping_status":"closed","template":"","meta":{"footnotes":""},"class_list":["post-11169","page","type-page","status-publish","hentry"],"yoast_head":"<!-- This site is optimized with the Yoast SEO plugin v27.4 - https:\/\/yoast.com\/product\/yoast-seo-wordpress\/ -->\n<title>LEGO EDUCATION - Colegio Alerce<\/title>\n<meta name=\"robots\" content=\"index, follow, max-snippet:-1, max-image-preview:large, max-video-preview:-1\" \/>\n<link rel=\"canonical\" href=\"https:\/\/www.coalco.cl\/web\/lego-education\/\" \/>\n<meta property=\"og:locale\" content=\"es_ES\" \/>\n<meta property=\"og:type\" content=\"article\" \/>\n<meta property=\"og:title\" content=\"LEGO EDUCATION - Colegio Alerce\" \/>\n<meta property=\"og:description\" content=\"docente carlos aguilera https:\/\/www.youtube.com\/watch?v=IQ12nRx_6vwCon el prop\u00f3sito de garantizar una mejor educaci\u00f3n y formaci\u00f3n, el Colegio Alerce incorpora a su curr\u00edculum LEGO Educativo, con esto obtenemos una mejora del aprendizaje.Un estudio...\" \/>\n<meta property=\"og:url\" content=\"https:\/\/www.coalco.cl\/web\/lego-education\/\" \/>\n<meta property=\"og:site_name\" content=\"Colegio Alerce\" \/>\n<meta property=\"article:modified_time\" content=\"2025-09-22T13:45:18+00:00\" \/>\n<meta name=\"twitter:card\" content=\"summary_large_image\" \/>\n<meta name=\"twitter:label1\" content=\"Tiempo estimado de lectura\" \/>\n\t<meta name=\"twitter:data1\" content=\"1 minuto\" \/>\n<script type=\"application\/ld+json\" class=\"yoast-schema-graph\">{\"@context\":\"https:\\\/\\\/schema.org\",\"@graph\":[{\"@type\":\"WebPage\",\"@id\":\"https:\\\/\\\/www.coalco.cl\\\/web\\\/lego-education\\\/\",\"url\":\"https:\\\/\\\/www.coalco.cl\\\/web\\\/lego-education\\\/\",\"name\":\"LEGO EDUCATION - Colegio Alerce\",\"isPartOf\":{\"@id\":\"https:\\\/\\\/www.coalco.cl\\\/web\\\/#website\"},\"datePublished\":\"2025-09-22T12:50:13+00:00\",\"dateModified\":\"2025-09-22T13:45:18+00:00\",\"breadcrumb\":{\"@id\":\"https:\\\/\\\/www.coalco.cl\\\/web\\\/lego-education\\\/#breadcrumb\"},\"inLanguage\":\"es-CL\",\"potentialAction\":[{\"@type\":\"ReadAction\",\"target\":[\"https:\\\/\\\/www.coalco.cl\\\/web\\\/lego-education\\\/\"]}]},{\"@type\":\"BreadcrumbList\",\"@id\":\"https:\\\/\\\/www.coalco.cl\\\/web\\\/lego-education\\\/#breadcrumb\",\"itemListElement\":[{\"@type\":\"ListItem\",\"position\":1,\"name\":\"Home\",\"item\":\"https:\\\/\\\/www.coalco.cl\\\/web\\\/\"},{\"@type\":\"ListItem\",\"position\":2,\"name\":\"LEGO EDUCATION\"}]},{\"@type\":\"WebSite\",\"@id\":\"https:\\\/\\\/www.coalco.cl\\\/web\\\/#website\",\"url\":\"https:\\\/\\\/www.coalco.cl\\\/web\\\/\",\"name\":\"Colegio Alerce\",\"description\":\"\",\"publisher\":{\"@id\":\"https:\\\/\\\/www.coalco.cl\\\/web\\\/#organization\"},\"inLanguage\":\"es-CL\"},{\"@type\":\"Organization\",\"@id\":\"https:\\\/\\\/www.coalco.cl\\\/web\\\/#organization\",\"name\":\"Colegio Alerce\",\"url\":\"https:\\\/\\\/www.coalco.cl\\\/web\\\/\",\"logo\":{\"@type\":\"ImageObject\",\"inLanguage\":\"es-CL\",\"@id\":\"https:\\\/\\\/www.coalco.cl\\\/web\\\/#\\\/schema\\\/logo\\\/image\\\/\",\"url\":\"https:\\\/\\\/www.coalco.cl\\\/web\\\/wp-content\\\/uploads\\\/2025\\\/12\\\/cropped-cropped-cropped-RETINA.png\",\"contentUrl\":\"https:\\\/\\\/www.coalco.cl\\\/web\\\/wp-content\\\/uploads\\\/2025\\\/12\\\/cropped-cropped-cropped-RETINA.png\",\"width\":512,\"height\":512,\"caption\":\"Colegio Alerce\"},\"image\":{\"@id\":\"https:\\\/\\\/www.coalco.cl\\\/web\\\/#\\\/schema\\\/logo\\\/image\\\/\"}}]}<\/script>\n<!-- \/ Yoast SEO plugin. -->","yoast_head_json":{"title":"LEGO EDUCATION - Colegio Alerce","robots":{"index":"index","follow":"follow","max-snippet":"max-snippet:-1","max-image-preview":"max-image-preview:large","max-video-preview":"max-video-preview:-1"},"canonical":"https:\/\/www.coalco.cl\/web\/lego-education\/","og_locale":"es_ES","og_type":"article","og_title":"LEGO EDUCATION - Colegio Alerce","og_description":"docente carlos aguilera https:\/\/www.youtube.com\/watch?v=IQ12nRx_6vwCon el prop\u00f3sito de garantizar una mejor educaci\u00f3n y formaci\u00f3n, el Colegio Alerce incorpora a su curr\u00edculum LEGO Educativo, con esto obtenemos una mejora del aprendizaje.Un estudio...","og_url":"https:\/\/www.coalco.cl\/web\/lego-education\/","og_site_name":"Colegio Alerce","article_modified_time":"2025-09-22T13:45:18+00:00","twitter_card":"summary_large_image","twitter_misc":{"Tiempo estimado de lectura":"1 minuto"},"schema":{"@context":"https:\/\/schema.org","@graph":[{"@type":"WebPage","@id":"https:\/\/www.coalco.cl\/web\/lego-education\/","url":"https:\/\/www.coalco.cl\/web\/lego-education\/","name":"LEGO EDUCATION - Colegio Alerce","isPartOf":{"@id":"https:\/\/www.coalco.cl\/web\/#website"},"datePublished":"2025-09-22T12:50:13+00:00","dateModified":"2025-09-22T13:45:18+00:00","breadcrumb":{"@id":"https:\/\/www.coalco.cl\/web\/lego-education\/#breadcrumb"},"inLanguage":"es-CL","potentialAction":[{"@type":"ReadAction","target":["https:\/\/www.coalco.cl\/web\/lego-education\/"]}]},{"@type":"BreadcrumbList","@id":"https:\/\/www.coalco.cl\/web\/lego-education\/#breadcrumb","itemListElement":[{"@type":"ListItem","position":1,"name":"Home","item":"https:\/\/www.coalco.cl\/web\/"},{"@type":"ListItem","position":2,"name":"LEGO EDUCATION"}]},{"@type":"WebSite","@id":"https:\/\/www.coalco.cl\/web\/#website","url":"https:\/\/www.coalco.cl\/web\/","name":"Colegio Alerce","description":"","publisher":{"@id":"https:\/\/www.coalco.cl\/web\/#organization"},"inLanguage":"es-CL"},{"@type":"Organization","@id":"https:\/\/www.coalco.cl\/web\/#organization","name":"Colegio Alerce","url":"https:\/\/www.coalco.cl\/web\/","logo":{"@type":"ImageObject","inLanguage":"es-CL","@id":"https:\/\/www.coalco.cl\/web\/#\/schema\/logo\/image\/","url":"https:\/\/www.coalco.cl\/web\/wp-content\/uploads\/2025\/12\/cropped-cropped-cropped-RETINA.png","contentUrl":"https:\/\/www.coalco.cl\/web\/wp-content\/uploads\/2025\/12\/cropped-cropped-cropped-RETINA.png","width":512,"height":512,"caption":"Colegio Alerce"},"image":{"@id":"https:\/\/www.coalco.cl\/web\/#\/schema\/logo\/image\/"}}]}},"_links":{"self":[{"href":"https:\/\/www.coalco.cl\/web\/wp-json\/wp\/v2\/pages\/11169","targetHints":{"allow":["GET"]}}],"collection":[{"href":"https:\/\/www.coalco.cl\/web\/wp-json\/wp\/v2\/pages"}],"about":[{"href":"https:\/\/www.coalco.cl\/web\/wp-json\/wp\/v2\/types\/page"}],"author":[{"embeddable":true,"href":"https:\/\/www.coalco.cl\/web\/wp-json\/wp\/v2\/users\/5"}],"replies":[{"embeddable":true,"href":"https:\/\/www.coalco.cl\/web\/wp-json\/wp\/v2\/comments?post=11169"}],"version-history":[{"count":5,"href":"https:\/\/www.coalco.cl\/web\/wp-json\/wp\/v2\/pages\/11169\/revisions"}],"predecessor-version":[{"id":11175,"href":"https:\/\/www.coalco.cl\/web\/wp-json\/wp\/v2\/pages\/11169\/revisions\/11175"}],"wp:attachment":[{"href":"https:\/\/www.coalco.cl\/web\/wp-json\/wp\/v2\/media?parent=11169"}],"curies":[{"name":"wp","href":"https:\/\/api.w.org\/{rel}","templated":true}]}}