{"id":8132,"date":"2021-10-07T22:18:36","date_gmt":"2021-10-08T01:18:36","guid":{"rendered":"http:\/\/coalco.cl\/web\/?page_id=8132"},"modified":"2026-03-09T19:11:03","modified_gmt":"2026-03-09T22:11:03","slug":"presentacion","status":"publish","type":"page","link":"https:\/\/www.coalco.cl\/web\/presentacion\/","title":{"rendered":"Presentaci\u00f3n"},"content":{"rendered":"<style type=\"text\/css\"> \n#cmsmasters_row_69f17e04eb61d0_38839988 .cmsmasters_row_outer_parent { \n\tpadding-top: 100px; \n} \n\n#cmsmasters_row_69f17e04eb61d0_38839988 .cmsmasters_row_outer_parent { \n\tpadding-bottom: 100px; \n} \n\n \n#cmsmasters_heading_69f17e04ebc47 { \n\ttext-align:center; \n\tmargin-top:0px; \n\tmargin-bottom:0px; \n} \n\n#cmsmasters_heading_69f17e04ebc47 .cmsmasters_heading { \n\ttext-align:center; \n} \n\n#cmsmasters_heading_69f17e04ebc47 .cmsmasters_heading, #cmsmasters_heading_69f17e04ebc47 .cmsmasters_heading a { \n\tfont-family:'PT Sans'; \n\tfont-size:16px; \n\tfont-weight:bolder; \n\tfont-style:normal; \n} \n\n#cmsmasters_heading_69f17e04ebc47 .cmsmasters_heading_divider { \n} \n\n@media (max-width: 767px) {\n\n#cmsmasters_heading_69f17e04ebc47 .cmsmasters_heading, #cmsmasters_heading_69f17e04ebc47 .cmsmasters_heading a { \n\tfont-size:16px; \n} \n\n} \n\n \n#cmsmasters_heading_69f17e04ebc9b { \n\ttext-align:center; \n\tmargin-top:0px; \n\tmargin-bottom:0px; \n} \n\n#cmsmasters_heading_69f17e04ebc9b .cmsmasters_heading { \n\ttext-align:center; \n} \n\n#cmsmasters_heading_69f17e04ebc9b .cmsmasters_heading, #cmsmasters_heading_69f17e04ebc9b .cmsmasters_heading a { \n\tfont-family:'PT Sans'; \n\tfont-size:14px; \n\tfont-weight:bolder; \n\tfont-style:normal; \n} \n\n#cmsmasters_heading_69f17e04ebc9b .cmsmasters_heading_divider { \n} \n\n@media (max-width: 767px) {\n\n#cmsmasters_heading_69f17e04ebc9b .cmsmasters_heading, #cmsmasters_heading_69f17e04ebc9b .cmsmasters_heading a { \n\tfont-size:14px; \n} \n\n} \n\n \n#cmsmasters_heading_69f17e04ebe71 { \n\ttext-align:center; \n\tmargin-top:30px; \n\tmargin-bottom:10px; \n} \n\n#cmsmasters_heading_69f17e04ebe71 .cmsmasters_heading { \n\ttext-align:center; \n} \n\n#cmsmasters_heading_69f17e04ebe71 .cmsmasters_heading, #cmsmasters_heading_69f17e04ebe71 .cmsmasters_heading a { \n\tfont-size:60px; \n\tfont-weight:bolder; \n\tfont-style:normal; \n} \n\n#cmsmasters_heading_69f17e04ebe71 .cmsmasters_heading_divider { \n} \n\n@media (max-width: 767px) {\n\n#cmsmasters_heading_69f17e04ebe71 .cmsmasters_heading, #cmsmasters_heading_69f17e04ebe71 .cmsmasters_heading a { \n\tfont-size:45px; \n} \n\n} \n\n \n#cmsmasters_heading_69f17e04ebea6 { \n\ttext-align:center; \n\tmargin-top:0px; \n\tmargin-bottom:30px; \n} \n\n#cmsmasters_heading_69f17e04ebea6 .cmsmasters_heading { \n\ttext-align:center; \n} \n\n#cmsmasters_heading_69f17e04ebea6 .cmsmasters_heading, #cmsmasters_heading_69f17e04ebea6 .cmsmasters_heading a { \n\tfont-size:60px; \n\tfont-weight:bolder; \n\tfont-style:normal; \n} \n\n#cmsmasters_heading_69f17e04ebea6 .cmsmasters_heading_divider { \n} \n\n@media (max-width: 767px) {\n\n#cmsmasters_heading_69f17e04ebea6 .cmsmasters_heading, #cmsmasters_heading_69f17e04ebea6 .cmsmasters_heading a { \n\tfont-size:45px; \n} \n\n} \n\n<\/style><div id=\"cmsmasters_row_69f17e04eb61d0_38839988\" class=\"cmsmasters_row cmsmasters_color_scheme_default cmsmasters_row_top_default cmsmasters_row_bot_default cmsmasters_row_boxed\">\n<div class=\"cmsmasters_row_outer_parent\">\n<div class=\"cmsmasters_row_outer\">\n<div class=\"cmsmasters_row_inner\">\n<div class=\"cmsmasters_row_margin\">\n<div class=\"cmsmasters_column one_third\">\n<div class=\"aligncenter\">\n<div class=\"cmsmasters_img  cmsmasters_image_c\">\n<img decoding=\"async\" src=\"https:\/\/www.coalco.cl\/web\/wp-content\/uploads\/2022\/04\/01-Rector-200x300.jpg\" \/>\n<\/div>\n<\/div>\n\n<div id=\"cmsmasters_heading_69f17e04ebc47\" class=\"cmsmasters_heading_wrap cmsmasters_heading_align_center\">\n\t<h6 class=\"cmsmasters_heading\">V\u00edctor C\u00e1rdenas Merino<\/h6>\n<\/div>\n<div id=\"cmsmasters_heading_69f17e04ebc9b\" class=\"cmsmasters_heading_wrap cmsmasters_heading_align_center\">\n\t<h6 class=\"cmsmasters_heading\">Rector Colegio Alerce<\/h6>\n<\/div>\n<\/div>\n<div class=\"cmsmasters_column two_third\">\n\n<div id=\"cmsmasters_heading_69f17e04ebe71\" class=\"cmsmasters_heading_wrap cmsmasters_heading_align_center\">\n\t<h1 class=\"cmsmasters_heading\">\u201cCONSTRUYENDO<\/h1>\n<\/div>\n<div id=\"cmsmasters_heading_69f17e04ebea6\" class=\"cmsmasters_heading_wrap cmsmasters_heading_align_center\">\n\t<h1 class=\"cmsmasters_heading\"> UN MA\u00d1ANA\u201d<\/h1>\n<\/div><div class=\"cmsmasters_text\">\n<p style=\"text-align: justify;\">Estimados y estimadas:<\/p>\n<p style=\"text-align: justify;\">Nuestro Colegio Alerce nace para servir a los ni\u00f1os, ni\u00f1as y j\u00f3venes, con el prop\u00f3sito de contribuir a su desarrollo humano a trav\u00e9s de la educaci\u00f3n y formaci\u00f3n. Hace doce a\u00f1os, con paso firme y decidido iniciamos este caminar, hoy podemos afirmar con certeza y seguridad que hemos logrado que los estudiantes que eligen nuestro proyecto educativo, tengan ese desarrollo humano, lo que se evidencia en personas con habilidades sociales y cognitivas de nivel superior, con una adecuada autoestima, con capacidades y destrezas para seguir estudiando en la educaci\u00f3n superior o para obtener un trabajo, formar una familia y ser felices.<\/p>\n<p style=\"text-align: justify;\">Las cifras as\u00ed lo indican, sobre un 80% prosiguen estudios superiores, la cohorte que egreso este a\u00f1o lo representa; sin embargo, hay un elemento que es importante destacar, formamos personas integras, dotadas de talentos, como la m\u00fasica, deportes, literatura, arte; asumimos la diversidad y eso nos da riqueza, todos tenemos mucho que aportar y as\u00ed seremos una mejor sociedad.<\/p>\n<p style=\"text-align: justify;\">Colegio Alerce ha sido reconocido con la \u201cexcelencia acad\u00e9mica\u201d por doce a\u00f1os seguidos, y la Agencia de la Calidad, nos clasifica en la categor\u00eda Alta, que es la m\u00e1xima distinci\u00f3n. Todo esto es posible gracias a la labor realizada por profesores, padres y apoderados y estudiantes, quienes en una acci\u00f3n mancomunada creen en un mundo mejor y contribuyen a ello.<\/p>\n<p style=\"text-align: justify;\">Siempre tenemos por delante desaf\u00edos; los que se sustentan en la premisa de ser mejores como seres humanos dotados de virtudes, con un potencial de desarrollo, con capacidades para alcanzar las metas que nos propongamos, con una concepci\u00f3n \u00e9tica y centrada en los valores que sustentan la dignidad del ser humano.<\/p>\n<p style=\"text-align: justify;\">Nuestro Colegio Alerce, nos cobija y acoge cada a\u00f1o, es el alma mater que nos posibilita para ser m\u00e1s como personas, hay en ello desaf\u00edos, tambi\u00e9n compromiso y voluntad de ser. Nuestras aulas estar\u00e1n siempre abiertas para recibir a estudiantes de otras nacionalidades, estudiantes con necesidades educativas especiales, estudiantes con talento, con deseos de aprender y descubrir, con anhelos de cultivar la m\u00fasica, el deporte, las ciencias, la literatura, las artes, las matem\u00e1ticas.<\/p>\n<p style=\"text-align: justify;\">Por lo anterior ponemos a disposici\u00f3n nuestro ser persona, con conocimientos, habilidades, con amor y actitud de servicio y tambi\u00e9n con innovaci\u00f3n, a trav\u00e9s de una socio-pedagog\u00eda, que otorgue validez a la familia, al conocimiento previo, al desarrollo de habilidades cognitivas y sociales, con metodolog\u00edas como: trabajo interdisciplinario, salidas pedag\u00f3gicas, aprendizaje en universidades e institutos profesionales. Aprendizaje Basado en Proyectos, donde el reto haga aflorar lo mejor de cada uno.<\/p>\n<p style=\"text-align: right;\"><strong>V\u00edctor C\u00e1rdenas Merino<\/strong><\/p>\n<\/div>\n<\/div>\n<\/div>\n<\/div>\n<\/div>\n<\/div>\n<\/div>\n\n","protected":false},"excerpt":{"rendered":"","protected":false},"author":5,"featured_media":0,"parent":0,"menu_order":0,"comment_status":"closed","ping_status":"closed","template":"","meta":{"footnotes":""},"class_list":["post-8132","page","type-page","status-publish","hentry"],"yoast_head":"<!-- This site is optimized with the Yoast SEO plugin v27.5 - https:\/\/yoast.com\/product\/yoast-seo-wordpress\/ -->\n<title>Presentaci\u00f3n - Colegio Alerce<\/title>\n<meta name=\"robots\" content=\"index, follow, max-snippet:-1, max-image-preview:large, max-video-preview:-1\" \/>\n<link rel=\"canonical\" href=\"https:\/\/www.coalco.cl\/web\/presentacion\/\" \/>\n<meta property=\"og:locale\" content=\"es_ES\" \/>\n<meta property=\"og:type\" content=\"article\" \/>\n<meta property=\"og:title\" content=\"Presentaci\u00f3n - Colegio Alerce\" \/>\n<meta property=\"og:url\" content=\"https:\/\/www.coalco.cl\/web\/presentacion\/\" \/>\n<meta property=\"og:site_name\" content=\"Colegio Alerce\" \/>\n<meta property=\"article:modified_time\" content=\"2026-03-09T22:11:03+00:00\" \/>\n<meta name=\"twitter:card\" content=\"summary_large_image\" \/>\n<meta name=\"twitter:label1\" content=\"Tiempo estimado de lectura\" \/>\n\t<meta name=\"twitter:data1\" content=\"3 minutos\" \/>\n<script type=\"application\/ld+json\" class=\"yoast-schema-graph\">{\"@context\":\"https:\\\/\\\/schema.org\",\"@graph\":[{\"@type\":\"WebPage\",\"@id\":\"https:\\\/\\\/www.coalco.cl\\\/web\\\/presentacion\\\/\",\"url\":\"https:\\\/\\\/www.coalco.cl\\\/web\\\/presentacion\\\/\",\"name\":\"Presentaci\u00f3n - Colegio Alerce\",\"isPartOf\":{\"@id\":\"https:\\\/\\\/www.coalco.cl\\\/web\\\/#website\"},\"datePublished\":\"2021-10-08T01:18:36+00:00\",\"dateModified\":\"2026-03-09T22:11:03+00:00\",\"breadcrumb\":{\"@id\":\"https:\\\/\\\/www.coalco.cl\\\/web\\\/presentacion\\\/#breadcrumb\"},\"inLanguage\":\"es-CL\",\"potentialAction\":[{\"@type\":\"ReadAction\",\"target\":[\"https:\\\/\\\/www.coalco.cl\\\/web\\\/presentacion\\\/\"]}]},{\"@type\":\"BreadcrumbList\",\"@id\":\"https:\\\/\\\/www.coalco.cl\\\/web\\\/presentacion\\\/#breadcrumb\",\"itemListElement\":[{\"@type\":\"ListItem\",\"position\":1,\"name\":\"Home\",\"item\":\"https:\\\/\\\/www.coalco.cl\\\/web\\\/\"},{\"@type\":\"ListItem\",\"position\":2,\"name\":\"Presentaci\u00f3n\"}]},{\"@type\":\"WebSite\",\"@id\":\"https:\\\/\\\/www.coalco.cl\\\/web\\\/#website\",\"url\":\"https:\\\/\\\/www.coalco.cl\\\/web\\\/\",\"name\":\"Colegio Alerce\",\"description\":\"\",\"publisher\":{\"@id\":\"https:\\\/\\\/www.coalco.cl\\\/web\\\/#organization\"},\"inLanguage\":\"es-CL\"},{\"@type\":\"Organization\",\"@id\":\"https:\\\/\\\/www.coalco.cl\\\/web\\\/#organization\",\"name\":\"Colegio Alerce\",\"url\":\"https:\\\/\\\/www.coalco.cl\\\/web\\\/\",\"logo\":{\"@type\":\"ImageObject\",\"inLanguage\":\"es-CL\",\"@id\":\"https:\\\/\\\/www.coalco.cl\\\/web\\\/#\\\/schema\\\/logo\\\/image\\\/\",\"url\":\"https:\\\/\\\/www.coalco.cl\\\/web\\\/wp-content\\\/uploads\\\/2025\\\/12\\\/cropped-cropped-cropped-RETINA.png\",\"contentUrl\":\"https:\\\/\\\/www.coalco.cl\\\/web\\\/wp-content\\\/uploads\\\/2025\\\/12\\\/cropped-cropped-cropped-RETINA.png\",\"width\":512,\"height\":512,\"caption\":\"Colegio Alerce\"},\"image\":{\"@id\":\"https:\\\/\\\/www.coalco.cl\\\/web\\\/#\\\/schema\\\/logo\\\/image\\\/\"}}]}<\/script>\n<!-- \/ Yoast SEO plugin. -->","yoast_head_json":{"title":"Presentaci\u00f3n - Colegio Alerce","robots":{"index":"index","follow":"follow","max-snippet":"max-snippet:-1","max-image-preview":"max-image-preview:large","max-video-preview":"max-video-preview:-1"},"canonical":"https:\/\/www.coalco.cl\/web\/presentacion\/","og_locale":"es_ES","og_type":"article","og_title":"Presentaci\u00f3n - Colegio Alerce","og_url":"https:\/\/www.coalco.cl\/web\/presentacion\/","og_site_name":"Colegio Alerce","article_modified_time":"2026-03-09T22:11:03+00:00","twitter_card":"summary_large_image","twitter_misc":{"Tiempo estimado de lectura":"3 minutos"},"schema":{"@context":"https:\/\/schema.org","@graph":[{"@type":"WebPage","@id":"https:\/\/www.coalco.cl\/web\/presentacion\/","url":"https:\/\/www.coalco.cl\/web\/presentacion\/","name":"Presentaci\u00f3n - Colegio Alerce","isPartOf":{"@id":"https:\/\/www.coalco.cl\/web\/#website"},"datePublished":"2021-10-08T01:18:36+00:00","dateModified":"2026-03-09T22:11:03+00:00","breadcrumb":{"@id":"https:\/\/www.coalco.cl\/web\/presentacion\/#breadcrumb"},"inLanguage":"es-CL","potentialAction":[{"@type":"ReadAction","target":["https:\/\/www.coalco.cl\/web\/presentacion\/"]}]},{"@type":"BreadcrumbList","@id":"https:\/\/www.coalco.cl\/web\/presentacion\/#breadcrumb","itemListElement":[{"@type":"ListItem","position":1,"name":"Home","item":"https:\/\/www.coalco.cl\/web\/"},{"@type":"ListItem","position":2,"name":"Presentaci\u00f3n"}]},{"@type":"WebSite","@id":"https:\/\/www.coalco.cl\/web\/#website","url":"https:\/\/www.coalco.cl\/web\/","name":"Colegio Alerce","description":"","publisher":{"@id":"https:\/\/www.coalco.cl\/web\/#organization"},"inLanguage":"es-CL"},{"@type":"Organization","@id":"https:\/\/www.coalco.cl\/web\/#organization","name":"Colegio Alerce","url":"https:\/\/www.coalco.cl\/web\/","logo":{"@type":"ImageObject","inLanguage":"es-CL","@id":"https:\/\/www.coalco.cl\/web\/#\/schema\/logo\/image\/","url":"https:\/\/www.coalco.cl\/web\/wp-content\/uploads\/2025\/12\/cropped-cropped-cropped-RETINA.png","contentUrl":"https:\/\/www.coalco.cl\/web\/wp-content\/uploads\/2025\/12\/cropped-cropped-cropped-RETINA.png","width":512,"height":512,"caption":"Colegio Alerce"},"image":{"@id":"https:\/\/www.coalco.cl\/web\/#\/schema\/logo\/image\/"}}]}},"_links":{"self":[{"href":"https:\/\/www.coalco.cl\/web\/wp-json\/wp\/v2\/pages\/8132","targetHints":{"allow":["GET"]}}],"collection":[{"href":"https:\/\/www.coalco.cl\/web\/wp-json\/wp\/v2\/pages"}],"about":[{"href":"https:\/\/www.coalco.cl\/web\/wp-json\/wp\/v2\/types\/page"}],"author":[{"embeddable":true,"href":"https:\/\/www.coalco.cl\/web\/wp-json\/wp\/v2\/users\/5"}],"replies":[{"embeddable":true,"href":"https:\/\/www.coalco.cl\/web\/wp-json\/wp\/v2\/comments?post=8132"}],"version-history":[{"count":18,"href":"https:\/\/www.coalco.cl\/web\/wp-json\/wp\/v2\/pages\/8132\/revisions"}],"predecessor-version":[{"id":10273,"href":"https:\/\/www.coalco.cl\/web\/wp-json\/wp\/v2\/pages\/8132\/revisions\/10273"}],"wp:attachment":[{"href":"https:\/\/www.coalco.cl\/web\/wp-json\/wp\/v2\/media?parent=8132"}],"curies":[{"name":"wp","href":"https:\/\/api.w.org\/{rel}","templated":true}]}}