{"id":8157,"date":"2021-10-07T22:47:25","date_gmt":"2021-10-08T01:47:25","guid":{"rendered":"http:\/\/coalco.cl\/web\/?page_id=8157"},"modified":"2022-05-08T22:58:36","modified_gmt":"2022-05-09T01:58:36","slug":"resena","status":"publish","type":"page","link":"https:\/\/www.coalco.cl\/web\/resena\/","title":{"rendered":"Rese\u00f1a"},"content":{"rendered":"<style type=\"text\/css\"> \n#cmsmasters_row_69edf8785a9367_44656068 .cmsmasters_row_outer_parent { \n\tpadding-top: 100px; \n} \n\n \n#cmsmasters_heading_69edf8785b053 { \n\ttext-align:left; \n\tmargin-top:30px; \n\tmargin-bottom:10px; \n} \n\n#cmsmasters_heading_69edf8785b053 .cmsmasters_heading { \n\ttext-align:left; \n} \n\n#cmsmasters_heading_69edf8785b053 .cmsmasters_heading, #cmsmasters_heading_69edf8785b053 .cmsmasters_heading a { \n\tfont-size:60px; \n\tfont-weight:bolder; \n\tfont-style:normal; \n} \n\n#cmsmasters_heading_69edf8785b053 .cmsmasters_heading_divider { \n} \n\n@media (max-width: 767px) {\n\n#cmsmasters_heading_69edf8785b053 .cmsmasters_heading, #cmsmasters_heading_69edf8785b053 .cmsmasters_heading a { \n\tfont-size:45px; \n} \n\n} \n\n \n#cmsmasters_heading_69edf8785b340 { \n\ttext-align:left; \n\tmargin-top:0px; \n\tmargin-bottom:20px; \n} \n\n#cmsmasters_heading_69edf8785b340 .cmsmasters_heading { \n\ttext-align:left; \n} \n\n#cmsmasters_heading_69edf8785b340 .cmsmasters_heading, #cmsmasters_heading_69edf8785b340 .cmsmasters_heading a { \n\tfont-weight:normal; \n\tfont-style:normal; \n} \n\n#cmsmasters_heading_69edf8785b340 .cmsmasters_heading_divider { \n} \n\n \n#cmsmasters_heading_69edf8785b377 { \n\ttext-align:left; \n\tmargin-top:0px; \n\tmargin-bottom:20px; \n} \n\n#cmsmasters_heading_69edf8785b377 .cmsmasters_heading { \n\ttext-align:left; \n} \n\n#cmsmasters_heading_69edf8785b377 .cmsmasters_heading, #cmsmasters_heading_69edf8785b377 .cmsmasters_heading a { \n\tfont-weight:normal; \n\tfont-style:normal; \n} \n\n#cmsmasters_heading_69edf8785b377 .cmsmasters_heading_divider { \n} \n\n \n#cmsmasters_heading_69edf8785b912 { \n\ttext-align:left; \n\tmargin-top:0px; \n\tmargin-bottom:20px; \n} \n\n#cmsmasters_heading_69edf8785b912 .cmsmasters_heading { \n\ttext-align:left; \n} \n\n#cmsmasters_heading_69edf8785b912 .cmsmasters_heading, #cmsmasters_heading_69edf8785b912 .cmsmasters_heading a { \n\tfont-weight:normal; \n\tfont-style:normal; \n} \n\n#cmsmasters_heading_69edf8785b912 .cmsmasters_heading_divider { \n} \n\n \n#cmsmasters_heading_69edf8785b942 { \n\ttext-align:left; \n\tmargin-top:0px; \n\tmargin-bottom:20px; \n} \n\n#cmsmasters_heading_69edf8785b942 .cmsmasters_heading { \n\ttext-align:left; \n} \n\n#cmsmasters_heading_69edf8785b942 .cmsmasters_heading, #cmsmasters_heading_69edf8785b942 .cmsmasters_heading a { \n\tfont-weight:normal; \n\tfont-style:normal; \n} \n\n#cmsmasters_heading_69edf8785b942 .cmsmasters_heading_divider { \n} \n\n \n#cmsmasters_heading_69edf8785c0c8 { \n\ttext-align:left; \n\tmargin-top:0px; \n\tmargin-bottom:20px; \n} \n\n#cmsmasters_heading_69edf8785c0c8 .cmsmasters_heading { \n\ttext-align:left; \n} \n\n#cmsmasters_heading_69edf8785c0c8 .cmsmasters_heading, #cmsmasters_heading_69edf8785c0c8 .cmsmasters_heading a { \n\tfont-weight:normal; \n\tfont-style:normal; \n} \n\n#cmsmasters_heading_69edf8785c0c8 .cmsmasters_heading_divider { \n} \n\n \n#cmsmasters_heading_69edf8785c0fd { \n\ttext-align:left; \n\tmargin-top:0px; \n\tmargin-bottom:20px; \n} \n\n#cmsmasters_heading_69edf8785c0fd .cmsmasters_heading { \n\ttext-align:left; \n} \n\n#cmsmasters_heading_69edf8785c0fd .cmsmasters_heading, #cmsmasters_heading_69edf8785c0fd .cmsmasters_heading a { \n\tfont-weight:normal; \n\tfont-style:normal; \n} \n\n#cmsmasters_heading_69edf8785c0fd .cmsmasters_heading_divider { \n} \n\n<\/style><div id=\"cmsmasters_row_69edf8785a9367_44656068\" class=\"cmsmasters_row cmsmasters_color_scheme_default cmsmasters_row_top_default cmsmasters_row_bot_default cmsmasters_row_boxed\">\n<div class=\"cmsmasters_row_outer_parent\">\n<div class=\"cmsmasters_row_outer\">\n<div class=\"cmsmasters_row_inner\">\n<div class=\"cmsmasters_row_margin\">\n<div class=\"cmsmasters_column one_first\">\n\n<div id=\"cmsmasters_heading_69edf8785b053\" class=\"cmsmasters_heading_wrap cmsmasters_heading_align_left\">\n\t<h1 class=\"cmsmasters_heading\">Rese\u00f1a<\/h1>\n<\/div><div class=\"cmsmasters_text\">\n<p style=\"text-align: justify;\"><span style=\"font-weight: 400;\">El Colegio Alerce de Concepci\u00f3n, inicia sus labores acad\u00e9micas en marzo de 2009,\u00a0 sostenido por la Corporaci\u00f3n Educacional Alquimia, entidad sin fines de lucro, con\u00a0 personalidad jur\u00eddica seg\u00fan Decreto N\u00b0 2520\/2006 del Ministerio de Justicia.\u00a0<\/span><\/p>\n<p style=\"text-align: justify;\"><span style=\"font-weight: 400;\">Inicia sus actividades con los siguientes cursos: 1\u00b0, 2\u00b0, 3\u00b0 y 4\u00b0 B\u00e1sico, todos con\u00a0 proyecto de integraci\u00f3n y 1\u00b0, 2\u00b0, 3\u00b0 y 4\u00b0, de educaci\u00f3n media t\u00e9cnica profesional.\u00a0<\/span><\/p>\n<p style=\"text-align: justify;\"><span style=\"font-weight: 400;\">A partir del a\u00f1o 2010 y sucesivamente se fueron creando los cursos de educaci\u00f3n\u00a0 b\u00e1sica, hasta completar el ciclo con la creaci\u00f3n del 8\u00b0 a\u00f1o.\u00a0<\/span><\/p>\n<p style=\"text-align: justify;\"><span style=\"font-weight: 400;\">El nombre Alerce, ha sido seleccionado por las caracter\u00edsticas que tiene este \u00e1rbol\u00a0 chileno, lo que se proyecta en los ni\u00f1os, ni\u00f1as y j\u00f3venes.\u00a0<\/span><\/p>\n<p style=\"text-align: justify;\"><span style=\"font-weight: 400;\">El Alerce, tiene un tronco recto, que alcanza hasta cuarenta metros de altura y\u00a0 treinta metros de di\u00e1metro, su follaje es siempre verde, a pesar del cambio de\u00a0<\/span><span style=\"font-weight: 400;\">estaciones, es una especie longeva, que alcanza entre dos mil y cuatro mil a\u00f1os de\u00a0 vida. Crece y se desarrolla en lugares inh\u00f3spitos. Tiene una hermosa madera que\u00a0 no se pudre nunca. Ocupa el primer lugar entre las maderas finas del territorio\u00a0 chileno.\u00a0<\/span><\/p>\n<p style=\"text-align: justify;\"><span style=\"font-weight: 400;\">Considerando lo anteriormente descrito, las caracter\u00edsticas de este \u00e1rbol guardan\u00a0 estrecha relaci\u00f3n con el Proyecto Educativo que nos hemos trazado. <\/span><\/p>\n<\/div>\n<\/div>\n<\/div>\n<\/div>\n<\/div>\n<\/div>\n<\/div>\n<div id=\"cmsmasters_row_69edf8785b2671_15964280\" class=\"cmsmasters_row cmsmasters_color_scheme_default cmsmasters_row_top_default cmsmasters_row_bot_default cmsmasters_row_boxed\">\n<div class=\"cmsmasters_row_outer_parent\">\n<div class=\"cmsmasters_row_outer\">\n<div class=\"cmsmasters_row_inner cmsmasters_row_no_margin\">\n<div class=\"cmsmasters_row_margin\">\n<div class=\"cmsmasters_column one_half\">\n\n<div id=\"cmsmasters_heading_69edf8785b340\" class=\"cmsmasters_heading_wrap cmsmasters_heading_align_left\">\n\t<h1 class=\"cmsmasters_heading\"><\/h1>\n<\/div>\n<div id=\"cmsmasters_heading_69edf8785b377\" class=\"cmsmasters_heading_wrap cmsmasters_heading_align_left\">\n\t<h1 class=\"cmsmasters_heading\"><\/h1>\n<\/div><div class=\"aligncenter\">\n<div class=\"cmsmasters_img  cmsmasters_image_c\">\n<img decoding=\"async\" src=\"https:\/\/www.coalco.cl\/web\/wp-content\/uploads\/2022\/04\/Liceo-Hermann-Gmeiner-300x153.jpg\" \/>\n<\/div>\n<\/div>\n<\/div>\n<div class=\"cmsmasters_column one_half\">\n\n<div id=\"cmsmasters_heading_69edf8785b912\" class=\"cmsmasters_heading_wrap cmsmasters_heading_align_left\">\n\t<h1 class=\"cmsmasters_heading\"><\/h1>\n<\/div>\n<div id=\"cmsmasters_heading_69edf8785b942\" class=\"cmsmasters_heading_wrap cmsmasters_heading_align_left\">\n\t<h1 class=\"cmsmasters_heading\"><\/h1>\n<\/div><div class=\"aligncenter\">\n<div class=\"cmsmasters_img  cmsmasters_image_c\">\n<img decoding=\"async\" src=\"https:\/\/www.coalco.cl\/web\/wp-content\/uploads\/2022\/04\/acceso-colegio1-300x173.jpg\" \/>\n<\/div>\n<\/div>\n<\/div>\n<\/div>\n<\/div>\n<\/div>\n<\/div>\n<\/div>\n<div id=\"cmsmasters_row_69edf8785bd5a3_53136649\" class=\"cmsmasters_row cmsmasters_color_scheme_default cmsmasters_row_top_default cmsmasters_row_bot_default cmsmasters_row_boxed\">\n<div class=\"cmsmasters_row_outer_parent\">\n<div class=\"cmsmasters_row_outer\">\n<div class=\"cmsmasters_row_inner cmsmasters_row_no_margin\">\n<div class=\"cmsmasters_row_margin\">\n<div class=\"cmsmasters_column one_first\">\n\n<div id=\"cmsmasters_heading_69edf8785c0c8\" class=\"cmsmasters_heading_wrap cmsmasters_heading_align_left\">\n\t<h1 class=\"cmsmasters_heading\"><\/h1>\n<\/div>\n<div id=\"cmsmasters_heading_69edf8785c0fd\" class=\"cmsmasters_heading_wrap cmsmasters_heading_align_left\">\n\t<h1 class=\"cmsmasters_heading\"><\/h1>\n<\/div><div class=\"cmsmasters_text\">\n<h3><strong>Reconocimientos:<\/strong><\/h3>\n<ul>\n<li><u>Categor\u00eda Alta<\/u> en ense\u00f1anza media, seg\u00fan clasificaci\u00f3n de la Agencia de Calidad de la Educaci\u00f3n.<\/li>\n<li><u>Categor\u00eda Media<\/u> en ense\u00f1anza b\u00e1sica, seg\u00fan clasificaci\u00f3n de la Agencia de Calidad de la Educaci\u00f3n.<\/li>\n<\/ul>\n<p>&nbsp;<\/p>\n<p>&nbsp;<\/p>\n<h3><strong>Excelencia Acad\u00e9mica:<\/strong><\/h3>\n<p><strong>Bienios:<\/strong><\/p>\n<ul>\n<li>2023 &#8211; 2022<\/li>\n<li>2022 \u2013 2020<\/li>\n<li>2019 \u2013 2017<\/li>\n<li>2016 \u2013 2014<\/li>\n<li>2013 &#8211; 2011<\/li>\n<\/ul>\n<p><strong>Planta de profesores:<\/strong><\/p>\n<ul>\n<li>Todos los profesores cuanta con el t\u00edtulo profesional de profesor.<\/li>\n<li>Todos los profesores cuentan con el grado acad\u00e9mico de Licenciados en Educaci\u00f3n.<\/li>\n<li>Ocho profesores cuentan con el grado de magister en educaci\u00f3n. Dos de ellos con estudios en Espa\u00f1a.<\/li>\n<li>Un profesor se ha perfeccionado en Espa\u00f1a en el Pa\u00eds Vasco en materias de educaci\u00f3n t\u00e9cnico profesional.<\/li>\n<li>El Rector, cuenta con su t\u00edtulo de profesor y asistente social, con los grados de licenciado en educaci\u00f3n y servicio social, magister en Administraci\u00f3n y Gesti\u00f3n Educacional y Magister en Educaci\u00f3n, menci\u00f3n curriculum y evaluaci\u00f3n.<\/li>\n<li>El a\u00f1o 2018 particip\u00f3 en una misi\u00f3n educacional para conocer los sistemas educativos en New York (EEUU), Helsinki (Finlandia), Bilbao (Espa\u00f1a).<\/li>\n<\/ul>\n<p>&nbsp;<\/p>\n<p>&nbsp;<\/p>\n<h3><strong>Convenios y vinculaci\u00f3n con el medio<\/strong><\/h3>\n<p><strong>Convenios:<\/strong><\/p>\n<ul>\n<li>Universidad Federico Santa Maria<\/li>\n<li>Universidad Cat\u00f3lica de la Sant\u00edsima Concepci\u00f3n<\/li>\n<li>Universidad del B\u00edo B\u00edo<\/li>\n<li>Universidad Tecnol\u00f3gica de Chile<\/li>\n<li>INACAP<\/li>\n<li>DUOC<\/li>\n<\/ul>\n<p><strong>Proyectos:<\/strong><\/p>\n<ul>\n<li>UCSC Gamificaci\u00f3n<\/li>\n<li>Proyecto de la CChC junto a Educando en Red<\/li>\n<\/ul>\n<p><strong>Redes<\/strong><\/p>\n<ul>\n<li>C\u00e1mara Chilena de la Construcci\u00f3n (CChC)<\/li>\n<li>Red Futuro T\u00e9cnico \u2013 Sociedad de Fomento Fabril (SOFOFA)<\/li>\n<li>Consejo de establecimientos T\u00e9cnico Profesionales, provincia de Concepci\u00f3n<\/li>\n<\/ul>\n<\/div>\n<\/div>\n<\/div>\n<\/div>\n<\/div>\n<\/div>\n<\/div>\n\n","protected":false},"excerpt":{"rendered":"","protected":false},"author":1,"featured_media":0,"parent":0,"menu_order":0,"comment_status":"closed","ping_status":"closed","template":"","meta":{"footnotes":""},"class_list":["post-8157","page","type-page","status-publish","hentry"],"yoast_head":"<!-- This site is optimized with the Yoast SEO plugin v27.4 - https:\/\/yoast.com\/product\/yoast-seo-wordpress\/ -->\n<title>Rese\u00f1a - Colegio Alerce<\/title>\n<meta name=\"robots\" content=\"index, follow, max-snippet:-1, max-image-preview:large, max-video-preview:-1\" \/>\n<link rel=\"canonical\" href=\"https:\/\/www.coalco.cl\/web\/resena\/\" \/>\n<meta property=\"og:locale\" content=\"es_ES\" \/>\n<meta property=\"og:type\" content=\"article\" \/>\n<meta property=\"og:title\" content=\"Rese\u00f1a - Colegio Alerce\" \/>\n<meta property=\"og:url\" content=\"https:\/\/www.coalco.cl\/web\/resena\/\" \/>\n<meta property=\"og:site_name\" content=\"Colegio Alerce\" \/>\n<meta property=\"article:modified_time\" content=\"2022-05-09T01:58:36+00:00\" \/>\n<meta name=\"twitter:card\" content=\"summary_large_image\" \/>\n<meta name=\"twitter:label1\" content=\"Tiempo estimado de lectura\" \/>\n\t<meta name=\"twitter:data1\" content=\"4 minutos\" \/>\n<script type=\"application\/ld+json\" class=\"yoast-schema-graph\">{\"@context\":\"https:\\\/\\\/schema.org\",\"@graph\":[{\"@type\":\"WebPage\",\"@id\":\"https:\\\/\\\/www.coalco.cl\\\/web\\\/resena\\\/\",\"url\":\"https:\\\/\\\/www.coalco.cl\\\/web\\\/resena\\\/\",\"name\":\"Rese\u00f1a - Colegio Alerce\",\"isPartOf\":{\"@id\":\"https:\\\/\\\/www.coalco.cl\\\/web\\\/#website\"},\"datePublished\":\"2021-10-08T01:47:25+00:00\",\"dateModified\":\"2022-05-09T01:58:36+00:00\",\"breadcrumb\":{\"@id\":\"https:\\\/\\\/www.coalco.cl\\\/web\\\/resena\\\/#breadcrumb\"},\"inLanguage\":\"es-CL\",\"potentialAction\":[{\"@type\":\"ReadAction\",\"target\":[\"https:\\\/\\\/www.coalco.cl\\\/web\\\/resena\\\/\"]}]},{\"@type\":\"BreadcrumbList\",\"@id\":\"https:\\\/\\\/www.coalco.cl\\\/web\\\/resena\\\/#breadcrumb\",\"itemListElement\":[{\"@type\":\"ListItem\",\"position\":1,\"name\":\"Home\",\"item\":\"https:\\\/\\\/www.coalco.cl\\\/web\\\/\"},{\"@type\":\"ListItem\",\"position\":2,\"name\":\"Rese\u00f1a\"}]},{\"@type\":\"WebSite\",\"@id\":\"https:\\\/\\\/www.coalco.cl\\\/web\\\/#website\",\"url\":\"https:\\\/\\\/www.coalco.cl\\\/web\\\/\",\"name\":\"Colegio Alerce\",\"description\":\"\",\"publisher\":{\"@id\":\"https:\\\/\\\/www.coalco.cl\\\/web\\\/#organization\"},\"inLanguage\":\"es-CL\"},{\"@type\":\"Organization\",\"@id\":\"https:\\\/\\\/www.coalco.cl\\\/web\\\/#organization\",\"name\":\"Colegio Alerce\",\"url\":\"https:\\\/\\\/www.coalco.cl\\\/web\\\/\",\"logo\":{\"@type\":\"ImageObject\",\"inLanguage\":\"es-CL\",\"@id\":\"https:\\\/\\\/www.coalco.cl\\\/web\\\/#\\\/schema\\\/logo\\\/image\\\/\",\"url\":\"https:\\\/\\\/www.coalco.cl\\\/web\\\/wp-content\\\/uploads\\\/2025\\\/12\\\/cropped-cropped-cropped-RETINA.png\",\"contentUrl\":\"https:\\\/\\\/www.coalco.cl\\\/web\\\/wp-content\\\/uploads\\\/2025\\\/12\\\/cropped-cropped-cropped-RETINA.png\",\"width\":512,\"height\":512,\"caption\":\"Colegio Alerce\"},\"image\":{\"@id\":\"https:\\\/\\\/www.coalco.cl\\\/web\\\/#\\\/schema\\\/logo\\\/image\\\/\"}}]}<\/script>\n<!-- \/ Yoast SEO plugin. -->","yoast_head_json":{"title":"Rese\u00f1a - Colegio Alerce","robots":{"index":"index","follow":"follow","max-snippet":"max-snippet:-1","max-image-preview":"max-image-preview:large","max-video-preview":"max-video-preview:-1"},"canonical":"https:\/\/www.coalco.cl\/web\/resena\/","og_locale":"es_ES","og_type":"article","og_title":"Rese\u00f1a - Colegio Alerce","og_url":"https:\/\/www.coalco.cl\/web\/resena\/","og_site_name":"Colegio Alerce","article_modified_time":"2022-05-09T01:58:36+00:00","twitter_card":"summary_large_image","twitter_misc":{"Tiempo estimado de lectura":"4 minutos"},"schema":{"@context":"https:\/\/schema.org","@graph":[{"@type":"WebPage","@id":"https:\/\/www.coalco.cl\/web\/resena\/","url":"https:\/\/www.coalco.cl\/web\/resena\/","name":"Rese\u00f1a - Colegio Alerce","isPartOf":{"@id":"https:\/\/www.coalco.cl\/web\/#website"},"datePublished":"2021-10-08T01:47:25+00:00","dateModified":"2022-05-09T01:58:36+00:00","breadcrumb":{"@id":"https:\/\/www.coalco.cl\/web\/resena\/#breadcrumb"},"inLanguage":"es-CL","potentialAction":[{"@type":"ReadAction","target":["https:\/\/www.coalco.cl\/web\/resena\/"]}]},{"@type":"BreadcrumbList","@id":"https:\/\/www.coalco.cl\/web\/resena\/#breadcrumb","itemListElement":[{"@type":"ListItem","position":1,"name":"Home","item":"https:\/\/www.coalco.cl\/web\/"},{"@type":"ListItem","position":2,"name":"Rese\u00f1a"}]},{"@type":"WebSite","@id":"https:\/\/www.coalco.cl\/web\/#website","url":"https:\/\/www.coalco.cl\/web\/","name":"Colegio Alerce","description":"","publisher":{"@id":"https:\/\/www.coalco.cl\/web\/#organization"},"inLanguage":"es-CL"},{"@type":"Organization","@id":"https:\/\/www.coalco.cl\/web\/#organization","name":"Colegio Alerce","url":"https:\/\/www.coalco.cl\/web\/","logo":{"@type":"ImageObject","inLanguage":"es-CL","@id":"https:\/\/www.coalco.cl\/web\/#\/schema\/logo\/image\/","url":"https:\/\/www.coalco.cl\/web\/wp-content\/uploads\/2025\/12\/cropped-cropped-cropped-RETINA.png","contentUrl":"https:\/\/www.coalco.cl\/web\/wp-content\/uploads\/2025\/12\/cropped-cropped-cropped-RETINA.png","width":512,"height":512,"caption":"Colegio Alerce"},"image":{"@id":"https:\/\/www.coalco.cl\/web\/#\/schema\/logo\/image\/"}}]}},"_links":{"self":[{"href":"https:\/\/www.coalco.cl\/web\/wp-json\/wp\/v2\/pages\/8157","targetHints":{"allow":["GET"]}}],"collection":[{"href":"https:\/\/www.coalco.cl\/web\/wp-json\/wp\/v2\/pages"}],"about":[{"href":"https:\/\/www.coalco.cl\/web\/wp-json\/wp\/v2\/types\/page"}],"author":[{"embeddable":true,"href":"https:\/\/www.coalco.cl\/web\/wp-json\/wp\/v2\/users\/1"}],"replies":[{"embeddable":true,"href":"https:\/\/www.coalco.cl\/web\/wp-json\/wp\/v2\/comments?post=8157"}],"version-history":[{"count":27,"href":"https:\/\/www.coalco.cl\/web\/wp-json\/wp\/v2\/pages\/8157\/revisions"}],"predecessor-version":[{"id":10713,"href":"https:\/\/www.coalco.cl\/web\/wp-json\/wp\/v2\/pages\/8157\/revisions\/10713"}],"wp:attachment":[{"href":"https:\/\/www.coalco.cl\/web\/wp-json\/wp\/v2\/media?parent=8157"}],"curies":[{"name":"wp","href":"https:\/\/api.w.org\/{rel}","templated":true}]}}